{"id":453,"date":"2024-06-21T12:36:54","date_gmt":"2024-06-21T12:36:54","guid":{"rendered":"https:\/\/www.haptic.store\/?post_type=product&#038;p=453"},"modified":"2025-10-19T17:24:10","modified_gmt":"2025-10-19T17:24:10","slug":"be_myshelf_300","status":"publish","type":"product","link":"https:\/\/old.haptic.store\/cs\/produkt\/be_myshelf_300\/","title":{"rendered":"be_myshelf_300"},"content":{"rendered":"<p>Jedine\u010dn\u00e1 magnetick\u00e1 poli\u010dka be_myshelf posune ka\u017edou koupelnu sm\u011brem k modern\u00edmu designu. Jej\u00ed instalaci zvl\u00e1dnete b\u011bhem n\u011bkolika sekund. \u0160irok\u00e1 barevn\u00e1 \u0161k\u00e1la umo\u017e\u0148uje p\u0159izp\u016fsobit se vkusu ka\u017ed\u00e9ho z\u00e1kazn\u00edka. Je ur\u010dena pro pou\u017eit\u00ed ve vlhk\u00e9m prost\u0159ed\u00ed p\u0159\u00edmo ve spr\u0161e. Pogumovan\u00e9 magnety zaji\u0161\u0165uj\u00ed stabilitu na skle sprchov\u00e9ho koutu a z\u00e1rove\u0148 ho chr\u00e1n\u00ed p\u0159ed po\u0161kozen\u00edm.<\/p>\n<p>Haptic pracuje s rozs\u00e1hlou \u0159adou v\u00fdrobk\u016f, kter\u00e9 lze v koupeln\u011b vhodn\u011b kombinovat. Z\u00e1sobn\u00edk na umyvadlo, dr\u017e\u00e1k toaletn\u00edho pap\u00edru a magnetick\u00e9 poli\u010dky v\u0161eho druhu kr\u00e1sn\u011b dopln\u00ed design ka\u017ed\u00e9 koupelny.<\/p>\n<p>Materi\u00e1l: lakovan\u00fd hlin\u00edk, vod\u011bodoln\u00fd povrch<\/p>\n<p>Rozm\u011bry: 300 x 90 x 75 mm (d\u00e9lka x \u0161\u00ed\u0159ka x v\u00fd\u0161ka)<\/p>\n<p>Instalace: pomoc\u00ed magnet\u016f, bez vrt\u00e1n\u00ed, bez lepen\u00ed, pro sklo o tlou\u0161\u0165ce max. 8 mm.<\/p>\n<p>Nosnost: 1,5 kg (nen\u00ed vhodn\u00e9 pro sklo o\u0161et\u0159en\u00e9 p\u0159\u00edpravky Anticalc, EasyClean atd.)<\/p>\n<p>\u00dadr\u017eba: ot\u0159ete vlhk\u00fdm had\u0159\u00edkem<\/p>\n<p>&nbsp;<\/p>\n<p><a href=\"https:\/\/www.haptic.store\/wp-content\/uploads\/2024\/08\/Technical-sheet_be_myshelf_300.pdf\" target=\"_blank\" rel=\"noopener\">Technick\u00fd list<\/a><br \/>\n<a href=\"https:\/\/www.haptic.store\/instructions\/\" target=\"_blank\" rel=\"noopener\">Pokyny k instalaci<\/a><\/p>\n<p><span style=\"font-weight: 400;\">\u00a0<\/span><\/p>","protected":false},"excerpt":{"rendered":"<p>Jedine\u010dn\u00e1 magnetick\u00e1 poli\u010dka be_myshelf posune ka\u017edou koupelnu sm\u011brem k modern\u00edmu designu. Jej\u00ed instalaci zvl\u00e1dnete b\u011bhem n\u011bkolika sekund. \u0160irok\u00e1 barevn\u00e1 \u0161k\u00e1la umo\u017e\u0148uje p\u0159izp\u016fsobit se vkusu ka\u017ed\u00e9ho z\u00e1kazn\u00edka. Je ur\u010dena pro pou\u017eit\u00ed ve vlhk\u00e9m prost\u0159ed\u00ed p\u0159\u00edmo ve spr\u0161e. Pogumovan\u00e9 magnety zaji\u0161\u0165uj\u00ed stabilitu na skle sprchov\u00e9ho koutu a tak\u00e9 [...]<\/p>","protected":false},"featured_media":1350,"template":"","meta":{"jetpack_publicize_message":"","jetpack_publicize_feature_enabled":true,"jetpack_social_post_already_shared":false,"jetpack_social_options":{"image_generator_settings":{"template":"highway","default_image_id":0,"font":"","enabled":false},"version":2}},"product_brand":[],"product_cat":[26],"product_tag":[],"class_list":{"0":"post-453","1":"product","2":"type-product","3":"status-publish","4":"has-post-thumbnail","6":"product_cat-shop","8":"first","9":"instock","10":"taxable","11":"shipping-taxable","12":"purchasable","13":"product-type-variable","14":"has-default-attributes"},"yoast_head":"<!-- This site is optimized with the Yoast SEO Premium plugin v24.1 (Yoast SEO v24.1) - https:\/\/yoast.com\/wordpress\/plugins\/seo\/ -->\n<title>be_myshelf_300 - haptic.store<\/title>\n<meta name=\"robots\" content=\"noindex, follow, max-snippet:-1, max-image-preview:large, max-video-preview:-1\" \/>\n<meta property=\"og:locale\" content=\"cs_CZ\" \/>\n<meta property=\"og:type\" content=\"article\" \/>\n<meta property=\"og:title\" content=\"be_myshelf_300\" \/>\n<meta property=\"og:description\" content=\"The unique be_myshelf magnetic shelf moves any bathroom towards contemporary design. Its installation can be done in a matter of seconds. The wide colour range allows you to adapt to every customer&#8217;s taste. It is designed for use in wet conditions directly in the shower. Rubberised magnets ensure stability on the shower glass and also [&hellip;]\" \/>\n<meta property=\"og:url\" content=\"https:\/\/old.haptic.store\/cs\/produkt\/be_myshelf_300\/\" \/>\n<meta property=\"og:site_name\" content=\"haptic.store\" \/>\n<meta property=\"article:modified_time\" content=\"2025-10-19T17:24:10+00:00\" \/>\n<meta property=\"og:image\" content=\"https:\/\/old.haptic.store\/wp-content\/uploads\/2024\/08\/V2_SHELF_30_PINK.png\" \/>\n\t<meta property=\"og:image:width\" content=\"1728\" \/>\n\t<meta property=\"og:image:height\" content=\"1296\" \/>\n\t<meta property=\"og:image:type\" content=\"image\/png\" \/>\n<meta name=\"twitter:card\" content=\"summary_large_image\" \/>\n<meta name=\"twitter:label1\" content=\"Odhadovan\u00e1 doba \u010dten\u00ed\" \/>\n\t<meta name=\"twitter:data1\" content=\"2 minuty\" \/>\n<script type=\"application\/ld+json\" class=\"yoast-schema-graph\">{\"@context\":\"https:\/\/schema.org\",\"@graph\":[{\"@type\":\"WebPage\",\"@id\":\"https:\/\/old.haptic.store\/produkt\/be_myshelf_300\/\",\"url\":\"https:\/\/old.haptic.store\/produkt\/be_myshelf_300\/\",\"name\":\"be_myshelf_300 - haptic.store\",\"isPartOf\":{\"@id\":\"https:\/\/old.haptic.store\/#website\"},\"primaryImageOfPage\":{\"@id\":\"https:\/\/old.haptic.store\/produkt\/be_myshelf_300\/#primaryimage\"},\"image\":{\"@id\":\"https:\/\/old.haptic.store\/produkt\/be_myshelf_300\/#primaryimage\"},\"thumbnailUrl\":\"https:\/\/old.haptic.store\/wp-content\/uploads\/2024\/08\/V2_SHELF_30_PINK.png\",\"datePublished\":\"2024-06-21T12:36:54+00:00\",\"dateModified\":\"2025-10-19T17:24:10+00:00\",\"breadcrumb\":{\"@id\":\"https:\/\/old.haptic.store\/produkt\/be_myshelf_300\/#breadcrumb\"},\"inLanguage\":\"cs\",\"potentialAction\":[{\"@type\":\"ReadAction\",\"target\":[\"https:\/\/old.haptic.store\/produkt\/be_myshelf_300\/\"]}]},{\"@type\":\"ImageObject\",\"inLanguage\":\"cs\",\"@id\":\"https:\/\/old.haptic.store\/produkt\/be_myshelf_300\/#primaryimage\",\"url\":\"https:\/\/old.haptic.store\/wp-content\/uploads\/2024\/08\/V2_SHELF_30_PINK.png\",\"contentUrl\":\"https:\/\/old.haptic.store\/wp-content\/uploads\/2024\/08\/V2_SHELF_30_PINK.png\",\"width\":1728,\"height\":1296},{\"@type\":\"BreadcrumbList\",\"@id\":\"https:\/\/old.haptic.store\/produkt\/be_myshelf_300\/#breadcrumb\",\"itemListElement\":[{\"@type\":\"ListItem\",\"position\":1,\"name\":\"Dom\u016f\",\"item\":\"https:\/\/old.haptic.store\/\"},{\"@type\":\"ListItem\",\"position\":2,\"name\":\"Shop\",\"item\":\"https:\/\/old.haptic.store\/de\/shop\/\"},{\"@type\":\"ListItem\",\"position\":3,\"name\":\"be_myshelf_300\"}]},{\"@type\":\"WebSite\",\"@id\":\"https:\/\/old.haptic.store\/#website\",\"url\":\"https:\/\/old.haptic.store\/\",\"name\":\"haptic.store\",\"description\":\"\",\"publisher\":{\"@id\":\"https:\/\/old.haptic.store\/#organization\"},\"potentialAction\":[{\"@type\":\"SearchAction\",\"target\":{\"@type\":\"EntryPoint\",\"urlTemplate\":\"https:\/\/old.haptic.store\/?s={search_term_string}\"},\"query-input\":{\"@type\":\"PropertyValueSpecification\",\"valueRequired\":true,\"valueName\":\"search_term_string\"}}],\"inLanguage\":\"cs\"},{\"@type\":\"Organization\",\"@id\":\"https:\/\/old.haptic.store\/#organization\",\"name\":\"boq architekti s.r.o.\",\"url\":\"https:\/\/old.haptic.store\/\",\"logo\":{\"@type\":\"ImageObject\",\"inLanguage\":\"cs\",\"@id\":\"https:\/\/old.haptic.store\/#\/schema\/logo\/image\/\",\"url\":\"https:\/\/old.haptic.store\/wp-content\/uploads\/2024\/06\/logo.png\",\"contentUrl\":\"https:\/\/old.haptic.store\/wp-content\/uploads\/2024\/06\/logo.png\",\"width\":827,\"height\":276,\"caption\":\"boq architekti s.r.o.\"},\"image\":{\"@id\":\"https:\/\/old.haptic.store\/#\/schema\/logo\/image\/\"}}]}<\/script>\n<!-- \/ Yoast SEO Premium plugin. -->","yoast_head_json":{"title":"be_myshelf_300 - haptic.store","robots":{"index":"noindex","follow":"follow","max-snippet":"max-snippet:-1","max-image-preview":"max-image-preview:large","max-video-preview":"max-video-preview:-1"},"og_locale":"cs_CZ","og_type":"article","og_title":"be_myshelf_300","og_description":"The unique be_myshelf magnetic shelf moves any bathroom towards contemporary design. Its installation can be done in a matter of seconds. The wide colour range allows you to adapt to every customer&#8217;s taste. It is designed for use in wet conditions directly in the shower. Rubberised magnets ensure stability on the shower glass and also [&hellip;]","og_url":"https:\/\/old.haptic.store\/cs\/produkt\/be_myshelf_300\/","og_site_name":"haptic.store","article_modified_time":"2025-10-19T17:24:10+00:00","og_image":[{"width":1728,"height":1296,"url":"https:\/\/old.haptic.store\/wp-content\/uploads\/2024\/08\/V2_SHELF_30_PINK.png","type":"image\/png"}],"twitter_card":"summary_large_image","twitter_misc":{"Odhadovan\u00e1 doba \u010dten\u00ed":"2 minuty"},"schema":{"@context":"https:\/\/schema.org","@graph":[{"@type":"WebPage","@id":"https:\/\/old.haptic.store\/produkt\/be_myshelf_300\/","url":"https:\/\/old.haptic.store\/produkt\/be_myshelf_300\/","name":"be_myshelf_300 - haptic.store","isPartOf":{"@id":"https:\/\/old.haptic.store\/#website"},"primaryImageOfPage":{"@id":"https:\/\/old.haptic.store\/produkt\/be_myshelf_300\/#primaryimage"},"image":{"@id":"https:\/\/old.haptic.store\/produkt\/be_myshelf_300\/#primaryimage"},"thumbnailUrl":"https:\/\/old.haptic.store\/wp-content\/uploads\/2024\/08\/V2_SHELF_30_PINK.png","datePublished":"2024-06-21T12:36:54+00:00","dateModified":"2025-10-19T17:24:10+00:00","breadcrumb":{"@id":"https:\/\/old.haptic.store\/produkt\/be_myshelf_300\/#breadcrumb"},"inLanguage":"cs","potentialAction":[{"@type":"ReadAction","target":["https:\/\/old.haptic.store\/produkt\/be_myshelf_300\/"]}]},{"@type":"ImageObject","inLanguage":"cs","@id":"https:\/\/old.haptic.store\/produkt\/be_myshelf_300\/#primaryimage","url":"https:\/\/old.haptic.store\/wp-content\/uploads\/2024\/08\/V2_SHELF_30_PINK.png","contentUrl":"https:\/\/old.haptic.store\/wp-content\/uploads\/2024\/08\/V2_SHELF_30_PINK.png","width":1728,"height":1296},{"@type":"BreadcrumbList","@id":"https:\/\/old.haptic.store\/produkt\/be_myshelf_300\/#breadcrumb","itemListElement":[{"@type":"ListItem","position":1,"name":"Dom\u016f","item":"https:\/\/old.haptic.store\/"},{"@type":"ListItem","position":2,"name":"Shop","item":"https:\/\/old.haptic.store\/de\/shop\/"},{"@type":"ListItem","position":3,"name":"be_myshelf_300"}]},{"@type":"WebSite","@id":"https:\/\/old.haptic.store\/#website","url":"https:\/\/old.haptic.store\/","name":"haptic.store","description":"","publisher":{"@id":"https:\/\/old.haptic.store\/#organization"},"potentialAction":[{"@type":"SearchAction","target":{"@type":"EntryPoint","urlTemplate":"https:\/\/old.haptic.store\/?s={search_term_string}"},"query-input":{"@type":"PropertyValueSpecification","valueRequired":true,"valueName":"search_term_string"}}],"inLanguage":"cs"},{"@type":"Organization","@id":"https:\/\/old.haptic.store\/#organization","name":"boq architekti s.r.o.","url":"https:\/\/old.haptic.store\/","logo":{"@type":"ImageObject","inLanguage":"cs","@id":"https:\/\/old.haptic.store\/#\/schema\/logo\/image\/","url":"https:\/\/old.haptic.store\/wp-content\/uploads\/2024\/06\/logo.png","contentUrl":"https:\/\/old.haptic.store\/wp-content\/uploads\/2024\/06\/logo.png","width":827,"height":276,"caption":"boq architekti s.r.o."},"image":{"@id":"https:\/\/old.haptic.store\/#\/schema\/logo\/image\/"}}]}},"jetpack_publicize_connections":[],"_links":{"self":[{"href":"https:\/\/old.haptic.store\/cs\/wp-json\/wp\/v2\/product\/453","targetHints":{"allow":["GET"]}}],"collection":[{"href":"https:\/\/old.haptic.store\/cs\/wp-json\/wp\/v2\/product"}],"about":[{"href":"https:\/\/old.haptic.store\/cs\/wp-json\/wp\/v2\/types\/product"}],"wp:featuredmedia":[{"embeddable":true,"href":"https:\/\/old.haptic.store\/cs\/wp-json\/wp\/v2\/media\/1350"}],"wp:attachment":[{"href":"https:\/\/old.haptic.store\/cs\/wp-json\/wp\/v2\/media?parent=453"}],"wp:term":[{"taxonomy":"product_brand","embeddable":true,"href":"https:\/\/old.haptic.store\/cs\/wp-json\/wp\/v2\/product_brand?post=453"},{"taxonomy":"product_cat","embeddable":true,"href":"https:\/\/old.haptic.store\/cs\/wp-json\/wp\/v2\/product_cat?post=453"},{"taxonomy":"product_tag","embeddable":true,"href":"https:\/\/old.haptic.store\/cs\/wp-json\/wp\/v2\/product_tag?post=453"}],"curies":[{"name":"wp","href":"https:\/\/api.w.org\/{rel}","templated":true}]}}