{"id":709,"date":"2024-07-26T10:04:29","date_gmt":"2024-07-26T10:04:29","guid":{"rendered":"https:\/\/www.haptic.store\/?post_type=product&#038;p=709"},"modified":"2025-02-03T17:50:24","modified_gmt":"2025-02-03T17:50:24","slug":"be_myshelf_soap-dish","status":"publish","type":"product","link":"https:\/\/old.haptic.store\/cs\/produkt\/be_myshelf_soap-dish\/","title":{"rendered":"be_myshelf_soap dish"},"content":{"rendered":"<p>M\u00fddlov\u00e1 m\u00edsa. Ru\u010dn\u011b odl\u00e9van\u00e1 vani\u010dka, kter\u00e1 poskytuje m\u00edsto pro ulo\u017een\u00ed tuh\u00e9 kosmetiky p\u0159\u00edmo ve spr\u0161e. Nyn\u00ed budete m\u00edt tuh\u00fd \u0161ampon, kondicion\u00e9r nebo m\u00fddlo v\u017edy po ruce.<\/p>\n<p><strong>Z\u00e1sobn\u00edk na m\u00fddlo je navr\u017een jako modul\u00e1rn\u00ed prvek, kter\u00fd se hod\u00ed jak k poli\u010dce be_myshelf, tak k umyvadlu. Je vyroben z um\u011bl\u00e9ho kamene metodou ru\u010dn\u00edho odl\u00e9v\u00e1n\u00ed. Je p\u0159\u00edjemn\u00fd na dotek, z\u00e1rove\u0148 se snadno udr\u017euje, ka\u017ed\u00fd kus je origin\u00e1l.<\/strong><\/p>\n<p>Materi\u00e1l: um\u011bl\u00fd k\u00e1men<\/p>\n<p>Barvy: sv\u011btle \u0161ed\u00e1, \u010dern\u00e1<\/p>\n<p>Rozm\u011bry: 90 x 120 x 35 mm<\/p>\n<p><strong>Drobn\u00e9 nedokonalosti jsou p\u0159irozenou vlastnost\u00ed ru\u010dn\u00ed v\u00fdroby.<\/strong><\/p>\n<p>&nbsp;<\/p>\n<p>\u00dadr\u017eba: ot\u0159ete vlhk\u00fdm had\u0159\u00edkem<\/p>\n<p>&nbsp;<\/p>\n<p>&nbsp;<\/p>\n<p><span style=\"font-weight: 400;\">\u00a0<\/span><\/p>","protected":false},"excerpt":{"rendered":"<p>Soapdish. Hand-cast tray that provides a place to store solid cosmetics right in the shower. Now you will always have solid shampoo, conditioner or soap on hand. The soap tray is designed as a modular element that fits both the be_myshelf and the basin tray. It is made of artificial stone using a hand-casting method. [&hellip;]<\/p>","protected":false},"featured_media":1848,"template":"","meta":{"jetpack_publicize_message":"","jetpack_publicize_feature_enabled":true,"jetpack_social_post_already_shared":false,"jetpack_social_options":{"image_generator_settings":{"template":"highway","default_image_id":0,"font":"","enabled":false},"version":2}},"product_brand":[],"product_cat":[35,26],"product_tag":[],"class_list":{"0":"post-709","1":"product","2":"type-product","3":"status-publish","4":"has-post-thumbnail","6":"product_cat-doplnky","7":"product_cat-shop","9":"first","10":"instock","11":"taxable","12":"shipping-taxable","13":"purchasable","14":"product-type-simple"},"yoast_head":"<!-- This site is optimized with the Yoast SEO Premium plugin v24.1 (Yoast SEO v24.1) - https:\/\/yoast.com\/wordpress\/plugins\/seo\/ -->\n<title>be_myshelf_soap dish - haptic.store<\/title>\n<meta name=\"robots\" content=\"noindex, follow, max-snippet:-1, max-image-preview:large, max-video-preview:-1\" \/>\n<meta property=\"og:locale\" content=\"cs_CZ\" \/>\n<meta property=\"og:type\" content=\"article\" \/>\n<meta property=\"og:title\" content=\"be_myshelf_soap dish\" \/>\n<meta property=\"og:description\" content=\"Soapdish. Hand-cast tray that provides a place to store solid cosmetics right in the shower. Now you will always have solid shampoo, conditioner or soap on hand. The soap tray is designed as a modular element that fits both the be_myshelf and the basin tray. It is made of artificial stone using a hand-casting method. [&hellip;]\" \/>\n<meta property=\"og:url\" content=\"https:\/\/old.haptic.store\/cs\/produkt\/be_myshelf_soap-dish\/\" \/>\n<meta property=\"og:site_name\" content=\"haptic.store\" \/>\n<meta property=\"article:modified_time\" content=\"2025-02-03T17:50:24+00:00\" \/>\n<meta property=\"og:image\" content=\"https:\/\/old.haptic.store\/wp-content\/uploads\/2024\/09\/shelf_SOAP-DISH.webp\" \/>\n\t<meta property=\"og:image:width\" content=\"1728\" \/>\n\t<meta property=\"og:image:height\" content=\"1296\" \/>\n\t<meta property=\"og:image:type\" content=\"image\/webp\" \/>\n<meta name=\"twitter:card\" content=\"summary_large_image\" \/>\n<meta name=\"twitter:label1\" content=\"Odhadovan\u00e1 doba \u010dten\u00ed\" \/>\n\t<meta name=\"twitter:data1\" content=\"1 minuta\" \/>\n<script type=\"application\/ld+json\" class=\"yoast-schema-graph\">{\"@context\":\"https:\/\/schema.org\",\"@graph\":[{\"@type\":\"WebPage\",\"@id\":\"https:\/\/old.haptic.store\/produkt\/be_myshelf_soap-dish\/\",\"url\":\"https:\/\/old.haptic.store\/produkt\/be_myshelf_soap-dish\/\",\"name\":\"be_myshelf_soap dish - haptic.store\",\"isPartOf\":{\"@id\":\"https:\/\/old.haptic.store\/#website\"},\"primaryImageOfPage\":{\"@id\":\"https:\/\/old.haptic.store\/produkt\/be_myshelf_soap-dish\/#primaryimage\"},\"image\":{\"@id\":\"https:\/\/old.haptic.store\/produkt\/be_myshelf_soap-dish\/#primaryimage\"},\"thumbnailUrl\":\"https:\/\/old.haptic.store\/wp-content\/uploads\/2024\/09\/shelf_SOAP-DISH.webp\",\"datePublished\":\"2024-07-26T10:04:29+00:00\",\"dateModified\":\"2025-02-03T17:50:24+00:00\",\"breadcrumb\":{\"@id\":\"https:\/\/old.haptic.store\/produkt\/be_myshelf_soap-dish\/#breadcrumb\"},\"inLanguage\":\"cs\",\"potentialAction\":[{\"@type\":\"ReadAction\",\"target\":[\"https:\/\/old.haptic.store\/produkt\/be_myshelf_soap-dish\/\"]}]},{\"@type\":\"ImageObject\",\"inLanguage\":\"cs\",\"@id\":\"https:\/\/old.haptic.store\/produkt\/be_myshelf_soap-dish\/#primaryimage\",\"url\":\"https:\/\/old.haptic.store\/wp-content\/uploads\/2024\/09\/shelf_SOAP-DISH.webp\",\"contentUrl\":\"https:\/\/old.haptic.store\/wp-content\/uploads\/2024\/09\/shelf_SOAP-DISH.webp\",\"width\":1728,\"height\":1296},{\"@type\":\"BreadcrumbList\",\"@id\":\"https:\/\/old.haptic.store\/produkt\/be_myshelf_soap-dish\/#breadcrumb\",\"itemListElement\":[{\"@type\":\"ListItem\",\"position\":1,\"name\":\"Dom\u016f\",\"item\":\"https:\/\/old.haptic.store\/\"},{\"@type\":\"ListItem\",\"position\":2,\"name\":\"Shop\",\"item\":\"https:\/\/old.haptic.store\/de\/shop\/\"},{\"@type\":\"ListItem\",\"position\":3,\"name\":\"be_myshelf_soap dish\"}]},{\"@type\":\"WebSite\",\"@id\":\"https:\/\/old.haptic.store\/#website\",\"url\":\"https:\/\/old.haptic.store\/\",\"name\":\"haptic.store\",\"description\":\"\",\"publisher\":{\"@id\":\"https:\/\/old.haptic.store\/#organization\"},\"potentialAction\":[{\"@type\":\"SearchAction\",\"target\":{\"@type\":\"EntryPoint\",\"urlTemplate\":\"https:\/\/old.haptic.store\/?s={search_term_string}\"},\"query-input\":{\"@type\":\"PropertyValueSpecification\",\"valueRequired\":true,\"valueName\":\"search_term_string\"}}],\"inLanguage\":\"cs\"},{\"@type\":\"Organization\",\"@id\":\"https:\/\/old.haptic.store\/#organization\",\"name\":\"boq architekti s.r.o.\",\"url\":\"https:\/\/old.haptic.store\/\",\"logo\":{\"@type\":\"ImageObject\",\"inLanguage\":\"cs\",\"@id\":\"https:\/\/old.haptic.store\/#\/schema\/logo\/image\/\",\"url\":\"https:\/\/old.haptic.store\/wp-content\/uploads\/2024\/06\/logo.png\",\"contentUrl\":\"https:\/\/old.haptic.store\/wp-content\/uploads\/2024\/06\/logo.png\",\"width\":827,\"height\":276,\"caption\":\"boq architekti s.r.o.\"},\"image\":{\"@id\":\"https:\/\/old.haptic.store\/#\/schema\/logo\/image\/\"}}]}<\/script>\n<!-- \/ Yoast SEO Premium plugin. -->","yoast_head_json":{"title":"be_myshelf_soap dish - haptic.store","robots":{"index":"noindex","follow":"follow","max-snippet":"max-snippet:-1","max-image-preview":"max-image-preview:large","max-video-preview":"max-video-preview:-1"},"og_locale":"cs_CZ","og_type":"article","og_title":"be_myshelf_soap dish","og_description":"Soapdish. Hand-cast tray that provides a place to store solid cosmetics right in the shower. Now you will always have solid shampoo, conditioner or soap on hand. The soap tray is designed as a modular element that fits both the be_myshelf and the basin tray. It is made of artificial stone using a hand-casting method. [&hellip;]","og_url":"https:\/\/old.haptic.store\/cs\/produkt\/be_myshelf_soap-dish\/","og_site_name":"haptic.store","article_modified_time":"2025-02-03T17:50:24+00:00","og_image":[{"width":1728,"height":1296,"url":"https:\/\/old.haptic.store\/wp-content\/uploads\/2024\/09\/shelf_SOAP-DISH.webp","type":"image\/webp"}],"twitter_card":"summary_large_image","twitter_misc":{"Odhadovan\u00e1 doba \u010dten\u00ed":"1 minuta"},"schema":{"@context":"https:\/\/schema.org","@graph":[{"@type":"WebPage","@id":"https:\/\/old.haptic.store\/produkt\/be_myshelf_soap-dish\/","url":"https:\/\/old.haptic.store\/produkt\/be_myshelf_soap-dish\/","name":"be_myshelf_soap dish - haptic.store","isPartOf":{"@id":"https:\/\/old.haptic.store\/#website"},"primaryImageOfPage":{"@id":"https:\/\/old.haptic.store\/produkt\/be_myshelf_soap-dish\/#primaryimage"},"image":{"@id":"https:\/\/old.haptic.store\/produkt\/be_myshelf_soap-dish\/#primaryimage"},"thumbnailUrl":"https:\/\/old.haptic.store\/wp-content\/uploads\/2024\/09\/shelf_SOAP-DISH.webp","datePublished":"2024-07-26T10:04:29+00:00","dateModified":"2025-02-03T17:50:24+00:00","breadcrumb":{"@id":"https:\/\/old.haptic.store\/produkt\/be_myshelf_soap-dish\/#breadcrumb"},"inLanguage":"cs","potentialAction":[{"@type":"ReadAction","target":["https:\/\/old.haptic.store\/produkt\/be_myshelf_soap-dish\/"]}]},{"@type":"ImageObject","inLanguage":"cs","@id":"https:\/\/old.haptic.store\/produkt\/be_myshelf_soap-dish\/#primaryimage","url":"https:\/\/old.haptic.store\/wp-content\/uploads\/2024\/09\/shelf_SOAP-DISH.webp","contentUrl":"https:\/\/old.haptic.store\/wp-content\/uploads\/2024\/09\/shelf_SOAP-DISH.webp","width":1728,"height":1296},{"@type":"BreadcrumbList","@id":"https:\/\/old.haptic.store\/produkt\/be_myshelf_soap-dish\/#breadcrumb","itemListElement":[{"@type":"ListItem","position":1,"name":"Dom\u016f","item":"https:\/\/old.haptic.store\/"},{"@type":"ListItem","position":2,"name":"Shop","item":"https:\/\/old.haptic.store\/de\/shop\/"},{"@type":"ListItem","position":3,"name":"be_myshelf_soap dish"}]},{"@type":"WebSite","@id":"https:\/\/old.haptic.store\/#website","url":"https:\/\/old.haptic.store\/","name":"haptic.store","description":"","publisher":{"@id":"https:\/\/old.haptic.store\/#organization"},"potentialAction":[{"@type":"SearchAction","target":{"@type":"EntryPoint","urlTemplate":"https:\/\/old.haptic.store\/?s={search_term_string}"},"query-input":{"@type":"PropertyValueSpecification","valueRequired":true,"valueName":"search_term_string"}}],"inLanguage":"cs"},{"@type":"Organization","@id":"https:\/\/old.haptic.store\/#organization","name":"boq architekti s.r.o.","url":"https:\/\/old.haptic.store\/","logo":{"@type":"ImageObject","inLanguage":"cs","@id":"https:\/\/old.haptic.store\/#\/schema\/logo\/image\/","url":"https:\/\/old.haptic.store\/wp-content\/uploads\/2024\/06\/logo.png","contentUrl":"https:\/\/old.haptic.store\/wp-content\/uploads\/2024\/06\/logo.png","width":827,"height":276,"caption":"boq architekti s.r.o."},"image":{"@id":"https:\/\/old.haptic.store\/#\/schema\/logo\/image\/"}}]}},"jetpack_publicize_connections":[],"_links":{"self":[{"href":"https:\/\/old.haptic.store\/cs\/wp-json\/wp\/v2\/product\/709","targetHints":{"allow":["GET"]}}],"collection":[{"href":"https:\/\/old.haptic.store\/cs\/wp-json\/wp\/v2\/product"}],"about":[{"href":"https:\/\/old.haptic.store\/cs\/wp-json\/wp\/v2\/types\/product"}],"wp:featuredmedia":[{"embeddable":true,"href":"https:\/\/old.haptic.store\/cs\/wp-json\/wp\/v2\/media\/1848"}],"wp:attachment":[{"href":"https:\/\/old.haptic.store\/cs\/wp-json\/wp\/v2\/media?parent=709"}],"wp:term":[{"taxonomy":"product_brand","embeddable":true,"href":"https:\/\/old.haptic.store\/cs\/wp-json\/wp\/v2\/product_brand?post=709"},{"taxonomy":"product_cat","embeddable":true,"href":"https:\/\/old.haptic.store\/cs\/wp-json\/wp\/v2\/product_cat?post=709"},{"taxonomy":"product_tag","embeddable":true,"href":"https:\/\/old.haptic.store\/cs\/wp-json\/wp\/v2\/product_tag?post=709"}],"curies":[{"name":"wp","href":"https:\/\/api.w.org\/{rel}","templated":true}]}}