{"id":988,"date":"2024-07-30T09:44:41","date_gmt":"2024-07-30T09:44:41","guid":{"rendered":"https:\/\/www.haptic.store\/?page_id=988"},"modified":"2024-08-29T22:02:55","modified_gmt":"2024-08-29T22:02:55","slug":"instructions","status":"publish","type":"page","link":"https:\/\/old.haptic.store\/de\/anweisungen\/","title":{"rendered":"Anweisungen"},"content":{"rendered":"<div data-elementor-type=\"wp-page\" data-elementor-id=\"988\" class=\"elementor elementor-988\" data-elementor-post-type=\"page\">\n\t\t\t\t<div class=\"elementor-element elementor-element-53a6980 e-flex e-con-boxed e-con e-parent\" data-id=\"53a6980\" data-element_type=\"container\" data-e-type=\"container\">\n\t\t\t\t\t<div class=\"e-con-inner\">\n\t\t<div class=\"elementor-element elementor-element-f91687c e-con-full e-flex e-con e-child\" data-id=\"f91687c\" data-element_type=\"container\" data-e-type=\"container\">\n\t\t\t\t<div class=\"elementor-element elementor-element-957f841 elementor-widget elementor-widget-heading\" data-id=\"957f841\" data-element_type=\"widget\" data-e-type=\"widget\" data-widget_type=\"heading.default\">\n\t\t\t\t<div class=\"elementor-widget-container\">\n\t\t\t\t\t<h1 class=\"elementor-heading-title elementor-size-default\">Jak poli\u010dku Be_myshelf nainstaluji?\n<\/h1>\t\t\t\t<\/div>\n\t\t\t\t<\/div>\n\t\t\t\t<div class=\"elementor-element elementor-element-195d6ff elementor-widget elementor-widget-video\" data-id=\"195d6ff\" data-element_type=\"widget\" data-e-type=\"widget\" data-settings=\"{&quot;video_type&quot;:&quot;hosted&quot;,&quot;controls&quot;:&quot;yes&quot;}\" data-widget_type=\"video.default\">\n\t\t\t\t<div class=\"elementor-widget-container\">\n\t\t\t\t\t\t\t<div class=\"e-hosted-video elementor-wrapper elementor-open-inline\">\n\t\t\t\t\t<video class=\"elementor-video\" src=\"https:\/\/www.haptic.store\/wp-content\/uploads\/2024\/08\/Instalace.mp4\" controls=\"\" preload=\"metadata\" controlslist=\"nodownload\"><\/video>\n\t\t\t\t<\/div>\n\t\t\t\t\t\t<\/div>\n\t\t\t\t<\/div>\n\t\t\t\t<\/div>\n\t\t<div class=\"elementor-element elementor-element-9ba059f e-con-full e-flex e-con e-child\" data-id=\"9ba059f\" data-element_type=\"container\" data-e-type=\"container\">\n\t\t\t\t<div class=\"elementor-element elementor-element-51e0efe elementor-widget elementor-widget-heading\" data-id=\"51e0efe\" data-element_type=\"widget\" data-e-type=\"widget\" data-widget_type=\"heading.default\">\n\t\t\t\t<div class=\"elementor-widget-container\">\n\t\t\t\t\t<h1 class=\"elementor-heading-title elementor-size-default\">Jak poli\u010dku Be_myshelf odinstaluji?<\/h1>\t\t\t\t<\/div>\n\t\t\t\t<\/div>\n\t\t\t\t<div class=\"elementor-element elementor-element-c5ed3fa elementor-widget elementor-widget-video\" data-id=\"c5ed3fa\" data-element_type=\"widget\" data-e-type=\"widget\" data-settings=\"{&quot;video_type&quot;:&quot;hosted&quot;,&quot;controls&quot;:&quot;yes&quot;}\" data-widget_type=\"video.default\">\n\t\t\t\t<div class=\"elementor-widget-container\">\n\t\t\t\t\t\t\t<div class=\"e-hosted-video elementor-wrapper elementor-open-inline\">\n\t\t\t\t\t<video class=\"elementor-video\" src=\"https:\/\/www.haptic.store\/wp-content\/uploads\/2024\/08\/Odinstalace.mp4\" controls=\"\" preload=\"metadata\" controlslist=\"nodownload\"><\/video>\n\t\t\t\t<\/div>\n\t\t\t\t\t\t<\/div>\n\t\t\t\t<\/div>\n\t\t\t\t<\/div>\n\t\t<div class=\"elementor-element elementor-element-73ac647 e-con-full e-flex e-con e-child\" data-id=\"73ac647\" data-element_type=\"container\" data-e-type=\"container\">\n\t\t\t\t<div class=\"elementor-element elementor-element-7c3f461 elementor-widget elementor-widget-heading\" data-id=\"7c3f461\" data-element_type=\"widget\" data-e-type=\"widget\" data-widget_type=\"heading.default\">\n\t\t\t\t<div class=\"elementor-widget-container\">\n\t\t\t\t\t<h1 class=\"elementor-heading-title elementor-size-default\">Pod\u00edvejte se na z\u00e1t\u011b\u017eov\u00fd test. \n\n\n<\/h1>\t\t\t\t<\/div>\n\t\t\t\t<\/div>\n\t\t\t\t<div class=\"elementor-element elementor-element-50de6b7 elementor-widget elementor-widget-video\" data-id=\"50de6b7\" data-element_type=\"widget\" data-e-type=\"widget\" data-settings=\"{&quot;video_type&quot;:&quot;hosted&quot;,&quot;controls&quot;:&quot;yes&quot;}\" data-widget_type=\"video.default\">\n\t\t\t\t<div class=\"elementor-widget-container\">\n\t\t\t\t\t\t\t<div class=\"e-hosted-video elementor-wrapper elementor-open-inline\">\n\t\t\t\t\t<video class=\"elementor-video\" src=\"https:\/\/www.haptic.store\/wp-content\/uploads\/2024\/08\/Zatezovy-Test.mp4\" controls=\"\" preload=\"metadata\" controlslist=\"nodownload\"><\/video>\n\t\t\t\t<\/div>\n\t\t\t\t\t\t<\/div>\n\t\t\t\t<\/div>\n\t\t\t\t<\/div>\n\t\t\t\t\t<\/div>\n\t\t\t\t<\/div>\n\t\t<div class=\"elementor-element elementor-element-efc12a0 e-flex e-con-boxed e-con e-parent\" data-id=\"efc12a0\" data-element_type=\"container\" data-e-type=\"container\">\n\t\t\t\t\t<div class=\"e-con-inner\">\n\t\t<div class=\"elementor-element elementor-element-6d0e018 e-con-full e-flex e-con e-child\" data-id=\"6d0e018\" data-element_type=\"container\" data-e-type=\"container\">\n\t\t\t\t<div class=\"elementor-element elementor-element-3ca955c elementor-widget elementor-widget-image\" data-id=\"3ca955c\" data-element_type=\"widget\" data-e-type=\"widget\" data-widget_type=\"image.default\">\n\t\t\t\t<div class=\"elementor-widget-container\">\n\t\t\t\t\t\t\t\t\t\t\t\t\t\t\t<img fetchpriority=\"high\" decoding=\"async\" width=\"1299\" height=\"1299\" src=\"https:\/\/old.haptic.store\/wp-content\/uploads\/2024\/08\/ikony-web_1.webp\" class=\"attachment-large size-large wp-image-1672\" alt=\"\" srcset=\"https:\/\/old.haptic.store\/wp-content\/uploads\/2024\/08\/ikony-web_1.webp 1299w, https:\/\/old.haptic.store\/wp-content\/uploads\/2024\/08\/ikony-web_1-600x600.webp 600w, https:\/\/old.haptic.store\/wp-content\/uploads\/2024\/08\/ikony-web_1-100x100.webp 100w, https:\/\/old.haptic.store\/wp-content\/uploads\/2024\/08\/ikony-web_1-768x768.webp 768w, https:\/\/old.haptic.store\/wp-content\/uploads\/2024\/08\/ikony-web_1-12x12.webp 12w\" sizes=\"(max-width: 1299px) 100vw, 1299px\" \/>\t\t\t\t\t\t\t\t\t\t\t\t\t\t\t<\/div>\n\t\t\t\t<\/div>\n\t\t\t\t<\/div>\n\t\t<div class=\"elementor-element elementor-element-5363401 e-con-full e-flex e-con e-child\" data-id=\"5363401\" data-element_type=\"container\" data-e-type=\"container\">\n\t\t\t\t<div class=\"elementor-element elementor-element-324d492 elementor-widget elementor-widget-image\" data-id=\"324d492\" data-element_type=\"widget\" data-e-type=\"widget\" data-widget_type=\"image.default\">\n\t\t\t\t<div class=\"elementor-widget-container\">\n\t\t\t\t\t\t\t\t\t\t\t\t\t\t\t<img decoding=\"async\" width=\"1299\" height=\"1299\" src=\"https:\/\/old.haptic.store\/wp-content\/uploads\/2024\/08\/ikony-web_2.webp\" class=\"attachment-large size-large wp-image-1673\" alt=\"\" srcset=\"https:\/\/old.haptic.store\/wp-content\/uploads\/2024\/08\/ikony-web_2.webp 1299w, https:\/\/old.haptic.store\/wp-content\/uploads\/2024\/08\/ikony-web_2-600x600.webp 600w, https:\/\/old.haptic.store\/wp-content\/uploads\/2024\/08\/ikony-web_2-100x100.webp 100w, https:\/\/old.haptic.store\/wp-content\/uploads\/2024\/08\/ikony-web_2-768x768.webp 768w, https:\/\/old.haptic.store\/wp-content\/uploads\/2024\/08\/ikony-web_2-12x12.webp 12w\" sizes=\"(max-width: 1299px) 100vw, 1299px\" \/>\t\t\t\t\t\t\t\t\t\t\t\t\t\t\t<\/div>\n\t\t\t\t<\/div>\n\t\t\t\t<\/div>\n\t\t<div class=\"elementor-element elementor-element-b9625a5 e-con-full e-flex e-con e-child\" data-id=\"b9625a5\" data-element_type=\"container\" data-e-type=\"container\">\n\t\t\t\t<div class=\"elementor-element elementor-element-0b28b44 elementor-widget elementor-widget-image\" data-id=\"0b28b44\" data-element_type=\"widget\" data-e-type=\"widget\" data-widget_type=\"image.default\">\n\t\t\t\t<div class=\"elementor-widget-container\">\n\t\t\t\t\t\t\t\t\t\t\t\t\t\t\t<img decoding=\"async\" width=\"1299\" height=\"1299\" src=\"https:\/\/old.haptic.store\/wp-content\/uploads\/2024\/08\/ikony-web_3.webp\" class=\"attachment-large size-large wp-image-1674\" alt=\"\" srcset=\"https:\/\/old.haptic.store\/wp-content\/uploads\/2024\/08\/ikony-web_3.webp 1299w, https:\/\/old.haptic.store\/wp-content\/uploads\/2024\/08\/ikony-web_3-600x600.webp 600w, https:\/\/old.haptic.store\/wp-content\/uploads\/2024\/08\/ikony-web_3-100x100.webp 100w, https:\/\/old.haptic.store\/wp-content\/uploads\/2024\/08\/ikony-web_3-768x768.webp 768w, https:\/\/old.haptic.store\/wp-content\/uploads\/2024\/08\/ikony-web_3-12x12.webp 12w\" sizes=\"(max-width: 1299px) 100vw, 1299px\" \/>\t\t\t\t\t\t\t\t\t\t\t\t\t\t\t<\/div>\n\t\t\t\t<\/div>\n\t\t\t\t<\/div>\n\t\t\t\t\t<\/div>\n\t\t\t\t<\/div>\n\t\t<div class=\"elementor-element elementor-element-534dfd0 e-flex e-con-boxed e-con e-parent\" data-id=\"534dfd0\" data-element_type=\"container\" data-e-type=\"container\">\n\t\t\t\t\t<div class=\"e-con-inner\">\n\t\t<div class=\"elementor-element elementor-element-2818cb4 e-con-full e-flex e-con e-child\" data-id=\"2818cb4\" data-element_type=\"container\" data-e-type=\"container\">\n\t\t\t\t<div class=\"elementor-element elementor-element-5604573 elementor-widget elementor-widget-image\" data-id=\"5604573\" data-element_type=\"widget\" data-e-type=\"widget\" data-widget_type=\"image.default\">\n\t\t\t\t<div class=\"elementor-widget-container\">\n\t\t\t\t\t\t\t\t\t\t\t\t\t\t\t<img loading=\"lazy\" decoding=\"async\" width=\"1299\" height=\"1299\" src=\"https:\/\/old.haptic.store\/wp-content\/uploads\/2024\/08\/ikony-web_4.webp\" class=\"attachment-large size-large wp-image-1675\" alt=\"\" srcset=\"https:\/\/old.haptic.store\/wp-content\/uploads\/2024\/08\/ikony-web_4.webp 1299w, https:\/\/old.haptic.store\/wp-content\/uploads\/2024\/08\/ikony-web_4-600x600.webp 600w, https:\/\/old.haptic.store\/wp-content\/uploads\/2024\/08\/ikony-web_4-100x100.webp 100w, https:\/\/old.haptic.store\/wp-content\/uploads\/2024\/08\/ikony-web_4-768x768.webp 768w, https:\/\/old.haptic.store\/wp-content\/uploads\/2024\/08\/ikony-web_4-12x12.webp 12w\" sizes=\"(max-width: 1299px) 100vw, 1299px\" \/>\t\t\t\t\t\t\t\t\t\t\t\t\t\t\t<\/div>\n\t\t\t\t<\/div>\n\t\t\t\t<\/div>\n\t\t<div class=\"elementor-element elementor-element-ffaec65 e-con-full e-flex e-con e-child\" data-id=\"ffaec65\" data-element_type=\"container\" data-e-type=\"container\">\n\t\t\t\t<div class=\"elementor-element elementor-element-0e43f0b elementor-widget elementor-widget-image\" data-id=\"0e43f0b\" data-element_type=\"widget\" data-e-type=\"widget\" data-widget_type=\"image.default\">\n\t\t\t\t<div class=\"elementor-widget-container\">\n\t\t\t\t\t\t\t\t\t\t\t\t\t\t\t<img loading=\"lazy\" decoding=\"async\" width=\"1299\" height=\"1299\" src=\"https:\/\/old.haptic.store\/wp-content\/uploads\/2024\/08\/ikony-web_5.webp\" class=\"attachment-large size-large wp-image-1676\" alt=\"\" srcset=\"https:\/\/old.haptic.store\/wp-content\/uploads\/2024\/08\/ikony-web_5.webp 1299w, https:\/\/old.haptic.store\/wp-content\/uploads\/2024\/08\/ikony-web_5-600x600.webp 600w, https:\/\/old.haptic.store\/wp-content\/uploads\/2024\/08\/ikony-web_5-100x100.webp 100w, https:\/\/old.haptic.store\/wp-content\/uploads\/2024\/08\/ikony-web_5-768x768.webp 768w, https:\/\/old.haptic.store\/wp-content\/uploads\/2024\/08\/ikony-web_5-12x12.webp 12w\" sizes=\"(max-width: 1299px) 100vw, 1299px\" \/>\t\t\t\t\t\t\t\t\t\t\t\t\t\t\t<\/div>\n\t\t\t\t<\/div>\n\t\t\t\t<\/div>\n\t\t<div class=\"elementor-element elementor-element-c30b241 e-con-full e-flex e-con e-child\" data-id=\"c30b241\" data-element_type=\"container\" data-e-type=\"container\">\n\t\t\t\t<div class=\"elementor-element elementor-element-da9baec elementor-widget elementor-widget-image\" data-id=\"da9baec\" data-element_type=\"widget\" data-e-type=\"widget\" data-widget_type=\"image.default\">\n\t\t\t\t<div class=\"elementor-widget-container\">\n\t\t\t\t\t\t\t\t\t\t\t\t\t\t\t<img loading=\"lazy\" decoding=\"async\" width=\"1299\" height=\"1299\" src=\"https:\/\/old.haptic.store\/wp-content\/uploads\/2024\/08\/ikony-web_6.webp\" class=\"attachment-large size-large wp-image-1677\" alt=\"\" srcset=\"https:\/\/old.haptic.store\/wp-content\/uploads\/2024\/08\/ikony-web_6.webp 1299w, https:\/\/old.haptic.store\/wp-content\/uploads\/2024\/08\/ikony-web_6-600x600.webp 600w, https:\/\/old.haptic.store\/wp-content\/uploads\/2024\/08\/ikony-web_6-100x100.webp 100w, https:\/\/old.haptic.store\/wp-content\/uploads\/2024\/08\/ikony-web_6-768x768.webp 768w, https:\/\/old.haptic.store\/wp-content\/uploads\/2024\/08\/ikony-web_6-12x12.webp 12w\" sizes=\"(max-width: 1299px) 100vw, 1299px\" \/>\t\t\t\t\t\t\t\t\t\t\t\t\t\t\t<\/div>\n\t\t\t\t<\/div>\n\t\t\t\t<\/div>\n\t\t\t\t\t<\/div>\n\t\t\t\t<\/div>\n\t\t<div class=\"elementor-element elementor-element-939b57d e-flex e-con-boxed e-con e-parent\" data-id=\"939b57d\" data-element_type=\"container\" data-e-type=\"container\">\n\t\t\t\t\t<div class=\"e-con-inner\">\n\t\t\t\t\t<\/div>\n\t\t\t\t<\/div>\n\t\t\t\t<\/div>","protected":false},"excerpt":{"rendered":"<p>Jak poli\u010dku Be_myshelf nainstaluji? https:\/\/www.haptic.store\/wp-content\/uploads\/2024\/08\/Instalace.mp4 Jak poli\u010dku Be_myshelf odinstaluji? https:\/\/www.haptic.store\/wp-content\/uploads\/2024\/08\/Odinstalace.mp4 Pod\u00edvejte se na z\u00e1t\u011b\u017eov\u00fd test. https:\/\/www.haptic.store\/wp-content\/uploads\/2024\/08\/Zatezovy-Test.mp4<\/p>","protected":false},"author":1,"featured_media":0,"parent":0,"menu_order":0,"comment_status":"closed","ping_status":"closed","template":"elementor_header_footer","meta":{"footnotes":""},"class_list":["post-988","page","type-page","status-publish","hentry"],"yoast_head":"<!-- This site is optimized with the Yoast SEO Premium plugin v24.1 (Yoast SEO v24.1) - https:\/\/yoast.com\/wordpress\/plugins\/seo\/ -->\n<title>instructions - haptic.store<\/title>\n<meta name=\"robots\" content=\"noindex, follow, max-snippet:-1, max-image-preview:large, max-video-preview:-1\" \/>\n<meta property=\"og:locale\" content=\"de_DE\" \/>\n<meta property=\"og:type\" content=\"article\" \/>\n<meta property=\"og:title\" content=\"instructions\" \/>\n<meta property=\"og:description\" content=\"Jak poli\u010dku Be_myshelf nainstaluji? https:\/\/www.haptic.store\/wp-content\/uploads\/2024\/08\/Instalace.mp4 Jak poli\u010dku Be_myshelf odinstaluji? https:\/\/www.haptic.store\/wp-content\/uploads\/2024\/08\/Odinstalace.mp4 Pod\u00edvejte se na z\u00e1t\u011b\u017eov\u00fd test. https:\/\/www.haptic.store\/wp-content\/uploads\/2024\/08\/Zatezovy-Test.mp4\" \/>\n<meta property=\"og:url\" content=\"https:\/\/old.haptic.store\/de\/anweisungen\/\" \/>\n<meta property=\"og:site_name\" content=\"haptic.store\" \/>\n<meta property=\"article:modified_time\" content=\"2024-08-29T22:02:55+00:00\" \/>\n<meta property=\"og:image\" content=\"https:\/\/www.haptic.store\/wp-content\/uploads\/2024\/08\/ikony-web_1.webp\" \/>\n<meta name=\"twitter:card\" content=\"summary_large_image\" \/>\n<meta name=\"twitter:label1\" content=\"Gesch\u00e4tzte Lesezeit\" \/>\n\t<meta name=\"twitter:data1\" content=\"2\u00a0Minuten\" \/>\n<script type=\"application\/ld+json\" class=\"yoast-schema-graph\">{\"@context\":\"https:\/\/schema.org\",\"@graph\":[{\"@type\":\"WebPage\",\"@id\":\"https:\/\/old.haptic.store\/instructions\/\",\"url\":\"https:\/\/old.haptic.store\/instructions\/\",\"name\":\"instructions - haptic.store\",\"isPartOf\":{\"@id\":\"https:\/\/old.haptic.store\/#website\"},\"primaryImageOfPage\":{\"@id\":\"https:\/\/old.haptic.store\/instructions\/#primaryimage\"},\"image\":{\"@id\":\"https:\/\/old.haptic.store\/instructions\/#primaryimage\"},\"thumbnailUrl\":\"https:\/\/www.haptic.store\/wp-content\/uploads\/2024\/08\/ikony-web_1.webp\",\"datePublished\":\"2024-07-30T09:44:41+00:00\",\"dateModified\":\"2024-08-29T22:02:55+00:00\",\"breadcrumb\":{\"@id\":\"https:\/\/old.haptic.store\/instructions\/#breadcrumb\"},\"inLanguage\":\"de\",\"potentialAction\":[{\"@type\":\"ReadAction\",\"target\":[\"https:\/\/old.haptic.store\/instructions\/\"]}]},{\"@type\":\"ImageObject\",\"inLanguage\":\"de\",\"@id\":\"https:\/\/old.haptic.store\/instructions\/#primaryimage\",\"url\":\"https:\/\/www.haptic.store\/wp-content\/uploads\/2024\/08\/ikony-web_1.webp\",\"contentUrl\":\"https:\/\/www.haptic.store\/wp-content\/uploads\/2024\/08\/ikony-web_1.webp\"},{\"@type\":\"BreadcrumbList\",\"@id\":\"https:\/\/old.haptic.store\/instructions\/#breadcrumb\",\"itemListElement\":[{\"@type\":\"ListItem\",\"position\":1,\"name\":\"Dom\u016f\",\"item\":\"https:\/\/old.haptic.store\/\"},{\"@type\":\"ListItem\",\"position\":2,\"name\":\"instructions\"}]},{\"@type\":\"WebSite\",\"@id\":\"https:\/\/old.haptic.store\/#website\",\"url\":\"https:\/\/old.haptic.store\/\",\"name\":\"haptic.store\",\"description\":\"\",\"publisher\":{\"@id\":\"https:\/\/old.haptic.store\/#organization\"},\"potentialAction\":[{\"@type\":\"SearchAction\",\"target\":{\"@type\":\"EntryPoint\",\"urlTemplate\":\"https:\/\/old.haptic.store\/?s={search_term_string}\"},\"query-input\":{\"@type\":\"PropertyValueSpecification\",\"valueRequired\":true,\"valueName\":\"search_term_string\"}}],\"inLanguage\":\"de\"},{\"@type\":\"Organization\",\"@id\":\"https:\/\/old.haptic.store\/#organization\",\"name\":\"boq architekti s.r.o.\",\"url\":\"https:\/\/old.haptic.store\/\",\"logo\":{\"@type\":\"ImageObject\",\"inLanguage\":\"de\",\"@id\":\"https:\/\/old.haptic.store\/#\/schema\/logo\/image\/\",\"url\":\"https:\/\/old.haptic.store\/wp-content\/uploads\/2024\/06\/logo.png\",\"contentUrl\":\"https:\/\/old.haptic.store\/wp-content\/uploads\/2024\/06\/logo.png\",\"width\":827,\"height\":276,\"caption\":\"boq architekti s.r.o.\"},\"image\":{\"@id\":\"https:\/\/old.haptic.store\/#\/schema\/logo\/image\/\"}}]}<\/script>\n<!-- \/ Yoast SEO Premium plugin. -->","yoast_head_json":{"title":"instructions - haptic.store","robots":{"index":"noindex","follow":"follow","max-snippet":"max-snippet:-1","max-image-preview":"max-image-preview:large","max-video-preview":"max-video-preview:-1"},"og_locale":"de_DE","og_type":"article","og_title":"instructions","og_description":"Jak poli\u010dku Be_myshelf nainstaluji? https:\/\/www.haptic.store\/wp-content\/uploads\/2024\/08\/Instalace.mp4 Jak poli\u010dku Be_myshelf odinstaluji? https:\/\/www.haptic.store\/wp-content\/uploads\/2024\/08\/Odinstalace.mp4 Pod\u00edvejte se na z\u00e1t\u011b\u017eov\u00fd test. https:\/\/www.haptic.store\/wp-content\/uploads\/2024\/08\/Zatezovy-Test.mp4","og_url":"https:\/\/old.haptic.store\/de\/anweisungen\/","og_site_name":"haptic.store","article_modified_time":"2024-08-29T22:02:55+00:00","og_image":[{"url":"https:\/\/www.haptic.store\/wp-content\/uploads\/2024\/08\/ikony-web_1.webp","type":"","width":"","height":""}],"twitter_card":"summary_large_image","twitter_misc":{"Gesch\u00e4tzte Lesezeit":"2\u00a0Minuten"},"schema":{"@context":"https:\/\/schema.org","@graph":[{"@type":"WebPage","@id":"https:\/\/old.haptic.store\/instructions\/","url":"https:\/\/old.haptic.store\/instructions\/","name":"instructions - haptic.store","isPartOf":{"@id":"https:\/\/old.haptic.store\/#website"},"primaryImageOfPage":{"@id":"https:\/\/old.haptic.store\/instructions\/#primaryimage"},"image":{"@id":"https:\/\/old.haptic.store\/instructions\/#primaryimage"},"thumbnailUrl":"https:\/\/www.haptic.store\/wp-content\/uploads\/2024\/08\/ikony-web_1.webp","datePublished":"2024-07-30T09:44:41+00:00","dateModified":"2024-08-29T22:02:55+00:00","breadcrumb":{"@id":"https:\/\/old.haptic.store\/instructions\/#breadcrumb"},"inLanguage":"de","potentialAction":[{"@type":"ReadAction","target":["https:\/\/old.haptic.store\/instructions\/"]}]},{"@type":"ImageObject","inLanguage":"de","@id":"https:\/\/old.haptic.store\/instructions\/#primaryimage","url":"https:\/\/www.haptic.store\/wp-content\/uploads\/2024\/08\/ikony-web_1.webp","contentUrl":"https:\/\/www.haptic.store\/wp-content\/uploads\/2024\/08\/ikony-web_1.webp"},{"@type":"BreadcrumbList","@id":"https:\/\/old.haptic.store\/instructions\/#breadcrumb","itemListElement":[{"@type":"ListItem","position":1,"name":"Dom\u016f","item":"https:\/\/old.haptic.store\/"},{"@type":"ListItem","position":2,"name":"instructions"}]},{"@type":"WebSite","@id":"https:\/\/old.haptic.store\/#website","url":"https:\/\/old.haptic.store\/","name":"haptic.store","description":"","publisher":{"@id":"https:\/\/old.haptic.store\/#organization"},"potentialAction":[{"@type":"SearchAction","target":{"@type":"EntryPoint","urlTemplate":"https:\/\/old.haptic.store\/?s={search_term_string}"},"query-input":{"@type":"PropertyValueSpecification","valueRequired":true,"valueName":"search_term_string"}}],"inLanguage":"de"},{"@type":"Organization","@id":"https:\/\/old.haptic.store\/#organization","name":"boq architekti s.r.o.","url":"https:\/\/old.haptic.store\/","logo":{"@type":"ImageObject","inLanguage":"de","@id":"https:\/\/old.haptic.store\/#\/schema\/logo\/image\/","url":"https:\/\/old.haptic.store\/wp-content\/uploads\/2024\/06\/logo.png","contentUrl":"https:\/\/old.haptic.store\/wp-content\/uploads\/2024\/06\/logo.png","width":827,"height":276,"caption":"boq architekti s.r.o."},"image":{"@id":"https:\/\/old.haptic.store\/#\/schema\/logo\/image\/"}}]}},"_links":{"self":[{"href":"https:\/\/old.haptic.store\/de\/wp-json\/wp\/v2\/pages\/988","targetHints":{"allow":["GET"]}}],"collection":[{"href":"https:\/\/old.haptic.store\/de\/wp-json\/wp\/v2\/pages"}],"about":[{"href":"https:\/\/old.haptic.store\/de\/wp-json\/wp\/v2\/types\/page"}],"author":[{"embeddable":true,"href":"https:\/\/old.haptic.store\/de\/wp-json\/wp\/v2\/users\/1"}],"replies":[{"embeddable":true,"href":"https:\/\/old.haptic.store\/de\/wp-json\/wp\/v2\/comments?post=988"}],"version-history":[{"count":0,"href":"https:\/\/old.haptic.store\/de\/wp-json\/wp\/v2\/pages\/988\/revisions"}],"wp:attachment":[{"href":"https:\/\/old.haptic.store\/de\/wp-json\/wp\/v2\/media?parent=988"}],"curies":[{"name":"wp","href":"https:\/\/api.w.org\/{rel}","templated":true}]}}