{"id":432,"date":"2024-06-21T12:23:23","date_gmt":"2024-06-21T12:23:23","guid":{"rendered":"https:\/\/www.haptic.store\/?post_type=product&#038;p=432"},"modified":"2025-10-22T19:02:33","modified_gmt":"2025-10-22T19:02:33","slug":"be_myshelf_400","status":"publish","type":"product","link":"https:\/\/old.haptic.store\/de\/produkt\/be_myshelf_400\/","title":{"rendered":"be_myhelf_400"},"content":{"rendered":"<p>Das einzigartige be_myshelf Magnetregal verleiht jedem Badezimmer ein modernes Design. Die Installation ist in Sekundenschnelle erledigt. Die breite Farbpalette erm\u00f6glicht es Ihnen, sich dem Geschmack jedes Kunden anzupassen. Es ist f\u00fcr die Verwendung im Nassbereich direkt in der Dusche konzipiert. Gummierte Magnete sorgen f\u00fcr Stabilit\u00e4t auf dem Duschglas und sch\u00fctzen es au\u00dferdem vor Besch\u00e4digungen.<\/p>\n<p>Haptic arbeitet mit einem umfassenden Sortiment an Produkten, die sich bequem im ganzen Badezimmer kombinieren lassen. Die Waschbeckenablage, der Toilettenpapierhalter und die magnetischen Ablagen aller Art werden das Design eines jeden Badezimmers wunderbar erg\u00e4nzen.<\/p>\n<p>Material: Lackiertes Aluminium, wasserabweisende Oberfl\u00e4che<\/p>\n<p>Abmessungen: 400 x 90 x 75 mm (L\u00e4nge x Breite x H\u00f6he)<\/p>\n<p>Montage: mit Magneten, ohne Bohren, ohne Kleben, f\u00fcr Glas bis zu einer St\u00e4rke von 8 mm<\/p>\n<p>Belastbarkeit: 2.0 Kg \/ 4.4lb (nicht geeignet f\u00fcr Glas, das mit Anticalc, EasyClean, etc. behandelt wurde)<\/p>\n<p>Pflege: mit einem feuchten Tuch abwischen<\/p>\n<p>&nbsp;<\/p>\n<p><a href=\"https:\/\/www.haptic.store\/wp-content\/uploads\/2024\/08\/Technical-sheet_be_myshelf_400.pdf\">Technisches Blatt<\/a><br \/>\n<a href=\"https:\/\/www.haptic.store\/instructions\/\" target=\"_blank\" rel=\"noopener\">Anweisungen zur Installation<\/a><\/p>\n<p>&nbsp;<\/p>\n<p><span style=\"font-weight: 400;\">\u00a0<\/span><\/p>\n<div class=\"notranslate\" style=\"all: initial;\"><\/div>","protected":false},"excerpt":{"rendered":"<p>Das einzigartige be_myshelf Magnetregal verleiht jedem Badezimmer ein modernes Design. Die Installation ist in Sekundenschnelle erledigt. Die breite Farbpalette erm\u00f6glicht es Ihnen, sich dem Geschmack jedes Kunden anzupassen. Es ist f\u00fcr die Verwendung im Nassbereich direkt in der Dusche konzipiert. Gummierte Magnete sorgen f\u00fcr Stabilit\u00e4t auf dem Duschglas und auch [...]<\/p>","protected":false},"featured_media":1354,"template":"","meta":{"jetpack_publicize_message":"","jetpack_publicize_feature_enabled":true,"jetpack_social_post_already_shared":false,"jetpack_social_options":{"image_generator_settings":{"template":"highway","default_image_id":0,"font":"","enabled":false},"version":2}},"product_brand":[],"product_cat":[26],"product_tag":[],"class_list":{"0":"post-432","1":"product","2":"type-product","3":"status-publish","4":"has-post-thumbnail","6":"product_cat-shop","8":"first","9":"instock","10":"taxable","11":"shipping-taxable","12":"purchasable","13":"product-type-variable","14":"has-default-attributes"},"yoast_head":"<!-- This site is optimized with the Yoast SEO Premium plugin v24.1 (Yoast SEO v24.1) - https:\/\/yoast.com\/wordpress\/plugins\/seo\/ -->\n<title>be_myshelf_400 - haptic.store<\/title>\n<meta name=\"description\" content=\"Unik\u00e1tn\u00ed magnetick\u00e1 police na sklo sprchov\u00e9ho koutu. Praktick\u00fd pomocn\u00edk do va\u0161\u00ed koupelny. Instalaci zvl\u00e1dnete b\u011bhem n\u011bkolika vte\u0159in, bez vrt\u00e1n\u00ed, bez lepen\u00ed.\" \/>\n<meta name=\"robots\" content=\"noindex, follow, max-snippet:-1, max-image-preview:large, max-video-preview:-1\" \/>\n<meta property=\"og:locale\" content=\"de_DE\" \/>\n<meta property=\"og:type\" content=\"article\" \/>\n<meta property=\"og:title\" content=\"be_myshelf_400\" \/>\n<meta property=\"og:description\" content=\"Unik\u00e1tn\u00ed magnetick\u00e1 police na sklo sprchov\u00e9ho koutu. Praktick\u00fd pomocn\u00edk do va\u0161\u00ed koupelny. Instalaci zvl\u00e1dnete b\u011bhem n\u011bkolika vte\u0159in, bez vrt\u00e1n\u00ed, bez lepen\u00ed.\" \/>\n<meta property=\"og:url\" content=\"https:\/\/old.haptic.store\/de\/produkt\/be_myshelf_400\/\" \/>\n<meta property=\"og:site_name\" content=\"haptic.store\" \/>\n<meta property=\"article:modified_time\" content=\"2025-10-22T19:02:33+00:00\" \/>\n<meta property=\"og:image\" content=\"https:\/\/old.haptic.store\/wp-content\/uploads\/2024\/08\/V2_shelf_40_green.png\" \/>\n\t<meta property=\"og:image:width\" content=\"1728\" \/>\n\t<meta property=\"og:image:height\" content=\"1296\" \/>\n\t<meta property=\"og:image:type\" content=\"image\/png\" \/>\n<meta name=\"twitter:card\" content=\"summary_large_image\" \/>\n<meta name=\"twitter:label1\" content=\"Gesch\u00e4tzte Lesezeit\" \/>\n\t<meta name=\"twitter:data1\" content=\"1\u00a0Minute\" \/>\n<script type=\"application\/ld+json\" class=\"yoast-schema-graph\">{\"@context\":\"https:\/\/schema.org\",\"@graph\":[{\"@type\":\"WebPage\",\"@id\":\"https:\/\/old.haptic.store\/produkt\/be_myshelf_400\/\",\"url\":\"https:\/\/old.haptic.store\/produkt\/be_myshelf_400\/\",\"name\":\"be_myshelf_400 - haptic.store\",\"isPartOf\":{\"@id\":\"https:\/\/old.haptic.store\/#website\"},\"primaryImageOfPage\":{\"@id\":\"https:\/\/old.haptic.store\/produkt\/be_myshelf_400\/#primaryimage\"},\"image\":{\"@id\":\"https:\/\/old.haptic.store\/produkt\/be_myshelf_400\/#primaryimage\"},\"thumbnailUrl\":\"https:\/\/old.haptic.store\/wp-content\/uploads\/2024\/08\/V2_shelf_40_green.png\",\"datePublished\":\"2024-06-21T12:23:23+00:00\",\"dateModified\":\"2025-10-22T19:02:33+00:00\",\"description\":\"Unik\u00e1tn\u00ed magnetick\u00e1 police na sklo sprchov\u00e9ho koutu. Praktick\u00fd pomocn\u00edk do va\u0161\u00ed koupelny. Instalaci zvl\u00e1dnete b\u011bhem n\u011bkolika vte\u0159in, bez vrt\u00e1n\u00ed, bez lepen\u00ed.\",\"breadcrumb\":{\"@id\":\"https:\/\/old.haptic.store\/produkt\/be_myshelf_400\/#breadcrumb\"},\"inLanguage\":\"de\",\"potentialAction\":[{\"@type\":\"ReadAction\",\"target\":[\"https:\/\/old.haptic.store\/produkt\/be_myshelf_400\/\"]}]},{\"@type\":\"ImageObject\",\"inLanguage\":\"de\",\"@id\":\"https:\/\/old.haptic.store\/produkt\/be_myshelf_400\/#primaryimage\",\"url\":\"https:\/\/old.haptic.store\/wp-content\/uploads\/2024\/08\/V2_shelf_40_green.png\",\"contentUrl\":\"https:\/\/old.haptic.store\/wp-content\/uploads\/2024\/08\/V2_shelf_40_green.png\",\"width\":1728,\"height\":1296},{\"@type\":\"BreadcrumbList\",\"@id\":\"https:\/\/old.haptic.store\/produkt\/be_myshelf_400\/#breadcrumb\",\"itemListElement\":[{\"@type\":\"ListItem\",\"position\":1,\"name\":\"Dom\u016f\",\"item\":\"https:\/\/old.haptic.store\/\"},{\"@type\":\"ListItem\",\"position\":2,\"name\":\"Shop\",\"item\":\"https:\/\/old.haptic.store\/de\/shop\/\"},{\"@type\":\"ListItem\",\"position\":3,\"name\":\"be_myshelf_400\"}]},{\"@type\":\"WebSite\",\"@id\":\"https:\/\/old.haptic.store\/#website\",\"url\":\"https:\/\/old.haptic.store\/\",\"name\":\"haptic.store\",\"description\":\"\",\"publisher\":{\"@id\":\"https:\/\/old.haptic.store\/#organization\"},\"potentialAction\":[{\"@type\":\"SearchAction\",\"target\":{\"@type\":\"EntryPoint\",\"urlTemplate\":\"https:\/\/old.haptic.store\/?s={search_term_string}\"},\"query-input\":{\"@type\":\"PropertyValueSpecification\",\"valueRequired\":true,\"valueName\":\"search_term_string\"}}],\"inLanguage\":\"de\"},{\"@type\":\"Organization\",\"@id\":\"https:\/\/old.haptic.store\/#organization\",\"name\":\"boq architekti s.r.o.\",\"url\":\"https:\/\/old.haptic.store\/\",\"logo\":{\"@type\":\"ImageObject\",\"inLanguage\":\"de\",\"@id\":\"https:\/\/old.haptic.store\/#\/schema\/logo\/image\/\",\"url\":\"https:\/\/old.haptic.store\/wp-content\/uploads\/2024\/06\/logo.png\",\"contentUrl\":\"https:\/\/old.haptic.store\/wp-content\/uploads\/2024\/06\/logo.png\",\"width\":827,\"height\":276,\"caption\":\"boq architekti s.r.o.\"},\"image\":{\"@id\":\"https:\/\/old.haptic.store\/#\/schema\/logo\/image\/\"}}]}<\/script>\n<!-- \/ Yoast SEO Premium plugin. -->","yoast_head_json":{"title":"be_myshelf_400 - haptic.store","description":"Unik\u00e1tn\u00ed magnetick\u00e1 police na sklo sprchov\u00e9ho koutu. Praktick\u00fd pomocn\u00edk do va\u0161\u00ed koupelny. Instalaci zvl\u00e1dnete b\u011bhem n\u011bkolika vte\u0159in, bez vrt\u00e1n\u00ed, bez lepen\u00ed.","robots":{"index":"noindex","follow":"follow","max-snippet":"max-snippet:-1","max-image-preview":"max-image-preview:large","max-video-preview":"max-video-preview:-1"},"og_locale":"de_DE","og_type":"article","og_title":"be_myshelf_400","og_description":"Unik\u00e1tn\u00ed magnetick\u00e1 police na sklo sprchov\u00e9ho koutu. Praktick\u00fd pomocn\u00edk do va\u0161\u00ed koupelny. Instalaci zvl\u00e1dnete b\u011bhem n\u011bkolika vte\u0159in, bez vrt\u00e1n\u00ed, bez lepen\u00ed.","og_url":"https:\/\/old.haptic.store\/de\/produkt\/be_myshelf_400\/","og_site_name":"haptic.store","article_modified_time":"2025-10-22T19:02:33+00:00","og_image":[{"width":1728,"height":1296,"url":"https:\/\/old.haptic.store\/wp-content\/uploads\/2024\/08\/V2_shelf_40_green.png","type":"image\/png"}],"twitter_card":"summary_large_image","twitter_misc":{"Gesch\u00e4tzte Lesezeit":"1\u00a0Minute"},"schema":{"@context":"https:\/\/schema.org","@graph":[{"@type":"WebPage","@id":"https:\/\/old.haptic.store\/produkt\/be_myshelf_400\/","url":"https:\/\/old.haptic.store\/produkt\/be_myshelf_400\/","name":"be_myshelf_400 - haptic.store","isPartOf":{"@id":"https:\/\/old.haptic.store\/#website"},"primaryImageOfPage":{"@id":"https:\/\/old.haptic.store\/produkt\/be_myshelf_400\/#primaryimage"},"image":{"@id":"https:\/\/old.haptic.store\/produkt\/be_myshelf_400\/#primaryimage"},"thumbnailUrl":"https:\/\/old.haptic.store\/wp-content\/uploads\/2024\/08\/V2_shelf_40_green.png","datePublished":"2024-06-21T12:23:23+00:00","dateModified":"2025-10-22T19:02:33+00:00","description":"Unik\u00e1tn\u00ed magnetick\u00e1 police na sklo sprchov\u00e9ho koutu. Praktick\u00fd pomocn\u00edk do va\u0161\u00ed koupelny. Instalaci zvl\u00e1dnete b\u011bhem n\u011bkolika vte\u0159in, bez vrt\u00e1n\u00ed, bez lepen\u00ed.","breadcrumb":{"@id":"https:\/\/old.haptic.store\/produkt\/be_myshelf_400\/#breadcrumb"},"inLanguage":"de","potentialAction":[{"@type":"ReadAction","target":["https:\/\/old.haptic.store\/produkt\/be_myshelf_400\/"]}]},{"@type":"ImageObject","inLanguage":"de","@id":"https:\/\/old.haptic.store\/produkt\/be_myshelf_400\/#primaryimage","url":"https:\/\/old.haptic.store\/wp-content\/uploads\/2024\/08\/V2_shelf_40_green.png","contentUrl":"https:\/\/old.haptic.store\/wp-content\/uploads\/2024\/08\/V2_shelf_40_green.png","width":1728,"height":1296},{"@type":"BreadcrumbList","@id":"https:\/\/old.haptic.store\/produkt\/be_myshelf_400\/#breadcrumb","itemListElement":[{"@type":"ListItem","position":1,"name":"Dom\u016f","item":"https:\/\/old.haptic.store\/"},{"@type":"ListItem","position":2,"name":"Shop","item":"https:\/\/old.haptic.store\/de\/shop\/"},{"@type":"ListItem","position":3,"name":"be_myshelf_400"}]},{"@type":"WebSite","@id":"https:\/\/old.haptic.store\/#website","url":"https:\/\/old.haptic.store\/","name":"haptic.store","description":"","publisher":{"@id":"https:\/\/old.haptic.store\/#organization"},"potentialAction":[{"@type":"SearchAction","target":{"@type":"EntryPoint","urlTemplate":"https:\/\/old.haptic.store\/?s={search_term_string}"},"query-input":{"@type":"PropertyValueSpecification","valueRequired":true,"valueName":"search_term_string"}}],"inLanguage":"de"},{"@type":"Organization","@id":"https:\/\/old.haptic.store\/#organization","name":"boq architekti s.r.o.","url":"https:\/\/old.haptic.store\/","logo":{"@type":"ImageObject","inLanguage":"de","@id":"https:\/\/old.haptic.store\/#\/schema\/logo\/image\/","url":"https:\/\/old.haptic.store\/wp-content\/uploads\/2024\/06\/logo.png","contentUrl":"https:\/\/old.haptic.store\/wp-content\/uploads\/2024\/06\/logo.png","width":827,"height":276,"caption":"boq architekti s.r.o."},"image":{"@id":"https:\/\/old.haptic.store\/#\/schema\/logo\/image\/"}}]}},"jetpack_publicize_connections":[],"_links":{"self":[{"href":"https:\/\/old.haptic.store\/de\/wp-json\/wp\/v2\/product\/432","targetHints":{"allow":["GET"]}}],"collection":[{"href":"https:\/\/old.haptic.store\/de\/wp-json\/wp\/v2\/product"}],"about":[{"href":"https:\/\/old.haptic.store\/de\/wp-json\/wp\/v2\/types\/product"}],"wp:featuredmedia":[{"embeddable":true,"href":"https:\/\/old.haptic.store\/de\/wp-json\/wp\/v2\/media\/1354"}],"wp:attachment":[{"href":"https:\/\/old.haptic.store\/de\/wp-json\/wp\/v2\/media?parent=432"}],"wp:term":[{"taxonomy":"product_brand","embeddable":true,"href":"https:\/\/old.haptic.store\/de\/wp-json\/wp\/v2\/product_brand?post=432"},{"taxonomy":"product_cat","embeddable":true,"href":"https:\/\/old.haptic.store\/de\/wp-json\/wp\/v2\/product_cat?post=432"},{"taxonomy":"product_tag","embeddable":true,"href":"https:\/\/old.haptic.store\/de\/wp-json\/wp\/v2\/product_tag?post=432"}],"curies":[{"name":"wp","href":"https:\/\/api.w.org\/{rel}","templated":true}]}}