{"id":715,"date":"2024-07-26T10:06:49","date_gmt":"2024-07-26T10:06:49","guid":{"rendered":"https:\/\/www.haptic.store\/?post_type=product&#038;p=715"},"modified":"2025-10-22T19:02:34","modified_gmt":"2025-10-22T19:02:34","slug":"be_myshelf_squeegee","status":"publish","type":"product","link":"https:\/\/old.haptic.store\/de\/produkt\/be_myshelf_squeegee\/","title":{"rendered":"be_myshelf_squeegee"},"content":{"rendered":"<p>Der Abzieher f\u00fcr die bequeme Reinigung der Glasduschwand ist ein Helfer, den Sie bei der t\u00e4glichen Reinigung sch\u00e4tzen werden. Dieses unverzichtbare Badm\u00f6bel ist als modulares Element konzipiert, das seinen festen Platz direkt im Design des be_myshelf hat.<\/p>\n<p><strong>Sie haben bereits ein be_myshelf und fragen sich, wozu der lange Schlitz in seiner Konstruktion dient? Das ist genau der Ort, an dem der Abstreifer seinen Platz hat. Sie k\u00f6nnen ihn jederzeit herausnehmen und wieder einstecken. So haben Sie dieses praktische Accessoire immer zur Hand.<\/strong><\/p>\n<p>Material: lackiertes Aluminium, wasserabweisende Oberfl\u00e4che, Gummi<\/p>\n<p>Farben: schwarz, wei\u00df, blau, gr\u00fcn, rosa<\/p>\n<p>Abmessungen: 300 x 30 x 10 mm<\/p>\n<p>&nbsp;<\/p>\n<p>Pflege: mit einem feuchten Tuch abwischen<\/p>\n<p>&nbsp;<\/p>\n<p>&nbsp;<\/p>\n<p><span style=\"font-weight: 400;\">\u00a0<\/span><\/p>","protected":false},"excerpt":{"rendered":"<p>Der Abzieher f\u00fcr die bequeme Reinigung der Glasduschwand ist ein Helfer, den Sie bei der t\u00e4glichen Reinigung sch\u00e4tzen werden. Dieses unverzichtbare Badezimmerzubeh\u00f6r ist als modulares Element konzipiert, das seinen festen Platz direkt im Design des be_myshelf hat. Sie haben bereits ein be_myshelf und fragen sich, was der lange Schlitz in seiner Konstruktion [...]<\/p>","protected":false},"featured_media":1850,"template":"","meta":{"jetpack_publicize_message":"","jetpack_publicize_feature_enabled":true,"jetpack_social_post_already_shared":false,"jetpack_social_options":{"image_generator_settings":{"template":"highway","default_image_id":0,"font":"","enabled":false},"version":2}},"product_brand":[],"product_cat":[35,26],"product_tag":[],"class_list":{"0":"post-715","1":"product","2":"type-product","3":"status-publish","4":"has-post-thumbnail","6":"product_cat-doplnky","7":"product_cat-shop","9":"first","10":"instock","11":"taxable","12":"shipping-taxable","13":"purchasable","14":"product-type-variable","15":"has-default-attributes"},"yoast_head":"<!-- This site is optimized with the Yoast SEO Premium plugin v24.1 (Yoast SEO v24.1) - https:\/\/yoast.com\/wordpress\/plugins\/seo\/ -->\n<title>be_myshelf_squeegee - haptic.store<\/title>\n<meta name=\"robots\" content=\"noindex, follow, max-snippet:-1, max-image-preview:large, max-video-preview:-1\" \/>\n<meta property=\"og:locale\" content=\"de_DE\" \/>\n<meta property=\"og:type\" content=\"article\" \/>\n<meta property=\"og:title\" content=\"be_myshelf_squeegee\" \/>\n<meta property=\"og:description\" content=\"The squeegee for convenient cleaning of the glass shower screen is a helper that you will appreciate in your daily cleaning. This bathroom essential is designed as a modular element that has its fixed place directly in the design of the be_myshelf. Already have a be_myshelf and wonder what the long slot in its construction [&hellip;]\" \/>\n<meta property=\"og:url\" content=\"https:\/\/old.haptic.store\/de\/produkt\/be_myshelf_squeegee\/\" \/>\n<meta property=\"og:site_name\" content=\"haptic.store\" \/>\n<meta property=\"article:modified_time\" content=\"2025-10-22T19:02:34+00:00\" \/>\n<meta property=\"og:image\" content=\"https:\/\/old.haptic.store\/wp-content\/uploads\/2024\/09\/SQUEEGEE_NATURE_1-1.webp\" \/>\n\t<meta property=\"og:image:width\" content=\"1728\" \/>\n\t<meta property=\"og:image:height\" content=\"1296\" \/>\n\t<meta property=\"og:image:type\" content=\"image\/webp\" \/>\n<meta name=\"twitter:card\" content=\"summary_large_image\" \/>\n<meta name=\"twitter:label1\" content=\"Gesch\u00e4tzte Lesezeit\" \/>\n\t<meta name=\"twitter:data1\" content=\"1\u00a0Minute\" \/>\n<script type=\"application\/ld+json\" class=\"yoast-schema-graph\">{\"@context\":\"https:\/\/schema.org\",\"@graph\":[{\"@type\":\"WebPage\",\"@id\":\"https:\/\/old.haptic.store\/produkt\/be_myshelf_squeegee\/\",\"url\":\"https:\/\/old.haptic.store\/produkt\/be_myshelf_squeegee\/\",\"name\":\"be_myshelf_squeegee - haptic.store\",\"isPartOf\":{\"@id\":\"https:\/\/old.haptic.store\/#website\"},\"primaryImageOfPage\":{\"@id\":\"https:\/\/old.haptic.store\/produkt\/be_myshelf_squeegee\/#primaryimage\"},\"image\":{\"@id\":\"https:\/\/old.haptic.store\/produkt\/be_myshelf_squeegee\/#primaryimage\"},\"thumbnailUrl\":\"https:\/\/old.haptic.store\/wp-content\/uploads\/2024\/09\/SQUEEGEE_NATURE_1-1.webp\",\"datePublished\":\"2024-07-26T10:06:49+00:00\",\"dateModified\":\"2025-10-22T19:02:34+00:00\",\"breadcrumb\":{\"@id\":\"https:\/\/old.haptic.store\/produkt\/be_myshelf_squeegee\/#breadcrumb\"},\"inLanguage\":\"de\",\"potentialAction\":[{\"@type\":\"ReadAction\",\"target\":[\"https:\/\/old.haptic.store\/produkt\/be_myshelf_squeegee\/\"]}]},{\"@type\":\"ImageObject\",\"inLanguage\":\"de\",\"@id\":\"https:\/\/old.haptic.store\/produkt\/be_myshelf_squeegee\/#primaryimage\",\"url\":\"https:\/\/old.haptic.store\/wp-content\/uploads\/2024\/09\/SQUEEGEE_NATURE_1-1.webp\",\"contentUrl\":\"https:\/\/old.haptic.store\/wp-content\/uploads\/2024\/09\/SQUEEGEE_NATURE_1-1.webp\",\"width\":1728,\"height\":1296},{\"@type\":\"BreadcrumbList\",\"@id\":\"https:\/\/old.haptic.store\/produkt\/be_myshelf_squeegee\/#breadcrumb\",\"itemListElement\":[{\"@type\":\"ListItem\",\"position\":1,\"name\":\"Dom\u016f\",\"item\":\"https:\/\/old.haptic.store\/\"},{\"@type\":\"ListItem\",\"position\":2,\"name\":\"Shop\",\"item\":\"https:\/\/old.haptic.store\/de\/shop\/\"},{\"@type\":\"ListItem\",\"position\":3,\"name\":\"be_myshelf_squeegee\"}]},{\"@type\":\"WebSite\",\"@id\":\"https:\/\/old.haptic.store\/#website\",\"url\":\"https:\/\/old.haptic.store\/\",\"name\":\"haptic.store\",\"description\":\"\",\"publisher\":{\"@id\":\"https:\/\/old.haptic.store\/#organization\"},\"potentialAction\":[{\"@type\":\"SearchAction\",\"target\":{\"@type\":\"EntryPoint\",\"urlTemplate\":\"https:\/\/old.haptic.store\/?s={search_term_string}\"},\"query-input\":{\"@type\":\"PropertyValueSpecification\",\"valueRequired\":true,\"valueName\":\"search_term_string\"}}],\"inLanguage\":\"de\"},{\"@type\":\"Organization\",\"@id\":\"https:\/\/old.haptic.store\/#organization\",\"name\":\"boq architekti s.r.o.\",\"url\":\"https:\/\/old.haptic.store\/\",\"logo\":{\"@type\":\"ImageObject\",\"inLanguage\":\"de\",\"@id\":\"https:\/\/old.haptic.store\/#\/schema\/logo\/image\/\",\"url\":\"https:\/\/old.haptic.store\/wp-content\/uploads\/2024\/06\/logo.png\",\"contentUrl\":\"https:\/\/old.haptic.store\/wp-content\/uploads\/2024\/06\/logo.png\",\"width\":827,\"height\":276,\"caption\":\"boq architekti s.r.o.\"},\"image\":{\"@id\":\"https:\/\/old.haptic.store\/#\/schema\/logo\/image\/\"}}]}<\/script>\n<!-- \/ Yoast SEO Premium plugin. -->","yoast_head_json":{"title":"be_myshelf_squeegee - haptic.store","robots":{"index":"noindex","follow":"follow","max-snippet":"max-snippet:-1","max-image-preview":"max-image-preview:large","max-video-preview":"max-video-preview:-1"},"og_locale":"de_DE","og_type":"article","og_title":"be_myshelf_squeegee","og_description":"The squeegee for convenient cleaning of the glass shower screen is a helper that you will appreciate in your daily cleaning. This bathroom essential is designed as a modular element that has its fixed place directly in the design of the be_myshelf. Already have a be_myshelf and wonder what the long slot in its construction [&hellip;]","og_url":"https:\/\/old.haptic.store\/de\/produkt\/be_myshelf_squeegee\/","og_site_name":"haptic.store","article_modified_time":"2025-10-22T19:02:34+00:00","og_image":[{"width":1728,"height":1296,"url":"https:\/\/old.haptic.store\/wp-content\/uploads\/2024\/09\/SQUEEGEE_NATURE_1-1.webp","type":"image\/webp"}],"twitter_card":"summary_large_image","twitter_misc":{"Gesch\u00e4tzte Lesezeit":"1\u00a0Minute"},"schema":{"@context":"https:\/\/schema.org","@graph":[{"@type":"WebPage","@id":"https:\/\/old.haptic.store\/produkt\/be_myshelf_squeegee\/","url":"https:\/\/old.haptic.store\/produkt\/be_myshelf_squeegee\/","name":"be_myshelf_squeegee - haptic.store","isPartOf":{"@id":"https:\/\/old.haptic.store\/#website"},"primaryImageOfPage":{"@id":"https:\/\/old.haptic.store\/produkt\/be_myshelf_squeegee\/#primaryimage"},"image":{"@id":"https:\/\/old.haptic.store\/produkt\/be_myshelf_squeegee\/#primaryimage"},"thumbnailUrl":"https:\/\/old.haptic.store\/wp-content\/uploads\/2024\/09\/SQUEEGEE_NATURE_1-1.webp","datePublished":"2024-07-26T10:06:49+00:00","dateModified":"2025-10-22T19:02:34+00:00","breadcrumb":{"@id":"https:\/\/old.haptic.store\/produkt\/be_myshelf_squeegee\/#breadcrumb"},"inLanguage":"de","potentialAction":[{"@type":"ReadAction","target":["https:\/\/old.haptic.store\/produkt\/be_myshelf_squeegee\/"]}]},{"@type":"ImageObject","inLanguage":"de","@id":"https:\/\/old.haptic.store\/produkt\/be_myshelf_squeegee\/#primaryimage","url":"https:\/\/old.haptic.store\/wp-content\/uploads\/2024\/09\/SQUEEGEE_NATURE_1-1.webp","contentUrl":"https:\/\/old.haptic.store\/wp-content\/uploads\/2024\/09\/SQUEEGEE_NATURE_1-1.webp","width":1728,"height":1296},{"@type":"BreadcrumbList","@id":"https:\/\/old.haptic.store\/produkt\/be_myshelf_squeegee\/#breadcrumb","itemListElement":[{"@type":"ListItem","position":1,"name":"Dom\u016f","item":"https:\/\/old.haptic.store\/"},{"@type":"ListItem","position":2,"name":"Shop","item":"https:\/\/old.haptic.store\/de\/shop\/"},{"@type":"ListItem","position":3,"name":"be_myshelf_squeegee"}]},{"@type":"WebSite","@id":"https:\/\/old.haptic.store\/#website","url":"https:\/\/old.haptic.store\/","name":"haptic.store","description":"","publisher":{"@id":"https:\/\/old.haptic.store\/#organization"},"potentialAction":[{"@type":"SearchAction","target":{"@type":"EntryPoint","urlTemplate":"https:\/\/old.haptic.store\/?s={search_term_string}"},"query-input":{"@type":"PropertyValueSpecification","valueRequired":true,"valueName":"search_term_string"}}],"inLanguage":"de"},{"@type":"Organization","@id":"https:\/\/old.haptic.store\/#organization","name":"boq architekti s.r.o.","url":"https:\/\/old.haptic.store\/","logo":{"@type":"ImageObject","inLanguage":"de","@id":"https:\/\/old.haptic.store\/#\/schema\/logo\/image\/","url":"https:\/\/old.haptic.store\/wp-content\/uploads\/2024\/06\/logo.png","contentUrl":"https:\/\/old.haptic.store\/wp-content\/uploads\/2024\/06\/logo.png","width":827,"height":276,"caption":"boq architekti s.r.o."},"image":{"@id":"https:\/\/old.haptic.store\/#\/schema\/logo\/image\/"}}]}},"jetpack_publicize_connections":[],"_links":{"self":[{"href":"https:\/\/old.haptic.store\/de\/wp-json\/wp\/v2\/product\/715","targetHints":{"allow":["GET"]}}],"collection":[{"href":"https:\/\/old.haptic.store\/de\/wp-json\/wp\/v2\/product"}],"about":[{"href":"https:\/\/old.haptic.store\/de\/wp-json\/wp\/v2\/types\/product"}],"wp:featuredmedia":[{"embeddable":true,"href":"https:\/\/old.haptic.store\/de\/wp-json\/wp\/v2\/media\/1850"}],"wp:attachment":[{"href":"https:\/\/old.haptic.store\/de\/wp-json\/wp\/v2\/media?parent=715"}],"wp:term":[{"taxonomy":"product_brand","embeddable":true,"href":"https:\/\/old.haptic.store\/de\/wp-json\/wp\/v2\/product_brand?post=715"},{"taxonomy":"product_cat","embeddable":true,"href":"https:\/\/old.haptic.store\/de\/wp-json\/wp\/v2\/product_cat?post=715"},{"taxonomy":"product_tag","embeddable":true,"href":"https:\/\/old.haptic.store\/de\/wp-json\/wp\/v2\/product_tag?post=715"}],"curies":[{"name":"wp","href":"https:\/\/api.w.org\/{rel}","templated":true}]}}