{"id":453,"date":"2024-06-21T12:36:54","date_gmt":"2024-06-21T12:36:54","guid":{"rendered":"https:\/\/www.haptic.store\/?post_type=product&#038;p=453"},"modified":"2025-10-19T17:24:10","modified_gmt":"2025-10-19T17:24:10","slug":"be_myshelf_300","status":"publish","type":"product","link":"https:\/\/old.haptic.store\/es\/producto\/be_myshelf_300\/","title":{"rendered":"be_myshelf_300"},"content":{"rendered":"<p>La exclusiva estanter\u00eda magn\u00e9tica be_myshelf traslada cualquier cuarto de ba\u00f1o hacia el dise\u00f1o contempor\u00e1neo. Su instalaci\u00f3n puede realizarse en cuesti\u00f3n de segundos. La amplia gama de colores permite adaptarse al gusto de cada cliente. Est\u00e1 dise\u00f1ada para su uso en condiciones h\u00famedas directamente en la ducha. Los imanes engomados garantizan la estabilidad sobre el cristal de la ducha y tambi\u00e9n lo protegen de posibles da\u00f1os.<\/p>\n<p>Haptic trabaja con una amplia gama de productos que pueden combinarse c\u00f3modamente en todo el cuarto de ba\u00f1o. La bandeja de lavabo, el portarrollos de papel higi\u00e9nico y los estantes magn\u00e9ticos de todo tipo complementar\u00e1n maravillosamente el dise\u00f1o de cualquier cuarto de ba\u00f1o.<\/p>\n<p>Material: aluminio pintado, acabado resistente al agua<\/p>\n<p>Dimensiones: 300 x 90 x 75 mm (largo x ancho x alto)<\/p>\n<p>Instalaci\u00f3n: con imanes, sin taladrar, sin pegar, para cristal de 8 mm de grosor como m\u00e1ximo<\/p>\n<p>Capacidad de carga: 1,5 Kg \/ 3,3lb (no apto para cristales tratados con Anticalc, EasyClean, etc.)<\/p>\n<p>Mantenimiento: limpiar con un pa\u00f1o h\u00famedo<\/p>\n<p>&nbsp;<\/p>\n<p><a href=\"https:\/\/www.haptic.store\/wp-content\/uploads\/2024\/08\/Technical-sheet_be_myshelf_300.pdf\" target=\"_blank\" rel=\"noopener\">Ficha t\u00e9cnica<\/a><br \/>\n<a href=\"https:\/\/www.haptic.store\/instructions\/\" target=\"_blank\" rel=\"noopener\">Instrucciones de instalaci\u00f3n<\/a><\/p>\n<p><span style=\"font-weight: 400;\">\u00a0<\/span><\/p>","protected":false},"excerpt":{"rendered":"<p>La exclusiva estanter\u00eda magn\u00e9tica be_myshelf traslada cualquier cuarto de ba\u00f1o hacia el dise\u00f1o contempor\u00e1neo. Su instalaci\u00f3n puede realizarse en cuesti\u00f3n de segundos. La amplia gama de colores permite adaptarse al gusto de cada cliente. Est\u00e1 dise\u00f1ada para su uso en condiciones h\u00famedas directamente en la ducha. Los imanes engomados garantizan la estabilidad sobre el cristal de la ducha y tambi\u00e9n [...]<\/p>","protected":false},"featured_media":1350,"template":"","meta":{"jetpack_publicize_message":"","jetpack_publicize_feature_enabled":true,"jetpack_social_post_already_shared":false,"jetpack_social_options":{"image_generator_settings":{"template":"highway","default_image_id":0,"font":"","enabled":false},"version":2}},"product_brand":[],"product_cat":[26],"product_tag":[],"class_list":{"0":"post-453","1":"product","2":"type-product","3":"status-publish","4":"has-post-thumbnail","6":"product_cat-shop","8":"first","9":"instock","10":"taxable","11":"shipping-taxable","12":"purchasable","13":"product-type-variable","14":"has-default-attributes"},"yoast_head":"<!-- This site is optimized with the Yoast SEO Premium plugin v24.1 (Yoast SEO v24.1) - https:\/\/yoast.com\/wordpress\/plugins\/seo\/ -->\n<title>be_myshelf_300 - haptic.store<\/title>\n<meta name=\"robots\" content=\"noindex, follow, max-snippet:-1, max-image-preview:large, max-video-preview:-1\" \/>\n<meta property=\"og:locale\" content=\"es_ES\" \/>\n<meta property=\"og:type\" content=\"article\" \/>\n<meta property=\"og:title\" content=\"be_myshelf_300\" \/>\n<meta property=\"og:description\" content=\"The unique be_myshelf magnetic shelf moves any bathroom towards contemporary design. Its installation can be done in a matter of seconds. The wide colour range allows you to adapt to every customer&#8217;s taste. It is designed for use in wet conditions directly in the shower. Rubberised magnets ensure stability on the shower glass and also [&hellip;]\" \/>\n<meta property=\"og:url\" content=\"https:\/\/old.haptic.store\/es\/producto\/be_myshelf_300\/\" \/>\n<meta property=\"og:site_name\" content=\"haptic.store\" \/>\n<meta property=\"article:modified_time\" content=\"2025-10-19T17:24:10+00:00\" \/>\n<meta property=\"og:image\" content=\"https:\/\/old.haptic.store\/wp-content\/uploads\/2024\/08\/V2_SHELF_30_PINK.png\" \/>\n\t<meta property=\"og:image:width\" content=\"1728\" \/>\n\t<meta property=\"og:image:height\" content=\"1296\" \/>\n\t<meta property=\"og:image:type\" content=\"image\/png\" \/>\n<meta name=\"twitter:card\" content=\"summary_large_image\" \/>\n<meta name=\"twitter:label1\" content=\"Tiempo de lectura\" \/>\n\t<meta name=\"twitter:data1\" content=\"2 minutos\" \/>\n<script type=\"application\/ld+json\" class=\"yoast-schema-graph\">{\"@context\":\"https:\/\/schema.org\",\"@graph\":[{\"@type\":\"WebPage\",\"@id\":\"https:\/\/old.haptic.store\/produkt\/be_myshelf_300\/\",\"url\":\"https:\/\/old.haptic.store\/produkt\/be_myshelf_300\/\",\"name\":\"be_myshelf_300 - haptic.store\",\"isPartOf\":{\"@id\":\"https:\/\/old.haptic.store\/#website\"},\"primaryImageOfPage\":{\"@id\":\"https:\/\/old.haptic.store\/produkt\/be_myshelf_300\/#primaryimage\"},\"image\":{\"@id\":\"https:\/\/old.haptic.store\/produkt\/be_myshelf_300\/#primaryimage\"},\"thumbnailUrl\":\"https:\/\/old.haptic.store\/wp-content\/uploads\/2024\/08\/V2_SHELF_30_PINK.png\",\"datePublished\":\"2024-06-21T12:36:54+00:00\",\"dateModified\":\"2025-10-19T17:24:10+00:00\",\"breadcrumb\":{\"@id\":\"https:\/\/old.haptic.store\/produkt\/be_myshelf_300\/#breadcrumb\"},\"inLanguage\":\"es\",\"potentialAction\":[{\"@type\":\"ReadAction\",\"target\":[\"https:\/\/old.haptic.store\/produkt\/be_myshelf_300\/\"]}]},{\"@type\":\"ImageObject\",\"inLanguage\":\"es\",\"@id\":\"https:\/\/old.haptic.store\/produkt\/be_myshelf_300\/#primaryimage\",\"url\":\"https:\/\/old.haptic.store\/wp-content\/uploads\/2024\/08\/V2_SHELF_30_PINK.png\",\"contentUrl\":\"https:\/\/old.haptic.store\/wp-content\/uploads\/2024\/08\/V2_SHELF_30_PINK.png\",\"width\":1728,\"height\":1296},{\"@type\":\"BreadcrumbList\",\"@id\":\"https:\/\/old.haptic.store\/produkt\/be_myshelf_300\/#breadcrumb\",\"itemListElement\":[{\"@type\":\"ListItem\",\"position\":1,\"name\":\"Dom\u016f\",\"item\":\"https:\/\/old.haptic.store\/\"},{\"@type\":\"ListItem\",\"position\":2,\"name\":\"Shop\",\"item\":\"https:\/\/old.haptic.store\/de\/shop\/\"},{\"@type\":\"ListItem\",\"position\":3,\"name\":\"be_myshelf_300\"}]},{\"@type\":\"WebSite\",\"@id\":\"https:\/\/old.haptic.store\/#website\",\"url\":\"https:\/\/old.haptic.store\/\",\"name\":\"haptic.store\",\"description\":\"\",\"publisher\":{\"@id\":\"https:\/\/old.haptic.store\/#organization\"},\"potentialAction\":[{\"@type\":\"SearchAction\",\"target\":{\"@type\":\"EntryPoint\",\"urlTemplate\":\"https:\/\/old.haptic.store\/?s={search_term_string}\"},\"query-input\":{\"@type\":\"PropertyValueSpecification\",\"valueRequired\":true,\"valueName\":\"search_term_string\"}}],\"inLanguage\":\"es\"},{\"@type\":\"Organization\",\"@id\":\"https:\/\/old.haptic.store\/#organization\",\"name\":\"boq architekti s.r.o.\",\"url\":\"https:\/\/old.haptic.store\/\",\"logo\":{\"@type\":\"ImageObject\",\"inLanguage\":\"es\",\"@id\":\"https:\/\/old.haptic.store\/#\/schema\/logo\/image\/\",\"url\":\"https:\/\/old.haptic.store\/wp-content\/uploads\/2024\/06\/logo.png\",\"contentUrl\":\"https:\/\/old.haptic.store\/wp-content\/uploads\/2024\/06\/logo.png\",\"width\":827,\"height\":276,\"caption\":\"boq architekti s.r.o.\"},\"image\":{\"@id\":\"https:\/\/old.haptic.store\/#\/schema\/logo\/image\/\"}}]}<\/script>\n<!-- \/ Yoast SEO Premium plugin. -->","yoast_head_json":{"title":"be_myshelf_300 - haptic.store","robots":{"index":"noindex","follow":"follow","max-snippet":"max-snippet:-1","max-image-preview":"max-image-preview:large","max-video-preview":"max-video-preview:-1"},"og_locale":"es_ES","og_type":"article","og_title":"be_myshelf_300","og_description":"The unique be_myshelf magnetic shelf moves any bathroom towards contemporary design. Its installation can be done in a matter of seconds. The wide colour range allows you to adapt to every customer&#8217;s taste. It is designed for use in wet conditions directly in the shower. Rubberised magnets ensure stability on the shower glass and also [&hellip;]","og_url":"https:\/\/old.haptic.store\/es\/producto\/be_myshelf_300\/","og_site_name":"haptic.store","article_modified_time":"2025-10-19T17:24:10+00:00","og_image":[{"width":1728,"height":1296,"url":"https:\/\/old.haptic.store\/wp-content\/uploads\/2024\/08\/V2_SHELF_30_PINK.png","type":"image\/png"}],"twitter_card":"summary_large_image","twitter_misc":{"Tiempo de lectura":"2 minutos"},"schema":{"@context":"https:\/\/schema.org","@graph":[{"@type":"WebPage","@id":"https:\/\/old.haptic.store\/produkt\/be_myshelf_300\/","url":"https:\/\/old.haptic.store\/produkt\/be_myshelf_300\/","name":"be_myshelf_300 - haptic.store","isPartOf":{"@id":"https:\/\/old.haptic.store\/#website"},"primaryImageOfPage":{"@id":"https:\/\/old.haptic.store\/produkt\/be_myshelf_300\/#primaryimage"},"image":{"@id":"https:\/\/old.haptic.store\/produkt\/be_myshelf_300\/#primaryimage"},"thumbnailUrl":"https:\/\/old.haptic.store\/wp-content\/uploads\/2024\/08\/V2_SHELF_30_PINK.png","datePublished":"2024-06-21T12:36:54+00:00","dateModified":"2025-10-19T17:24:10+00:00","breadcrumb":{"@id":"https:\/\/old.haptic.store\/produkt\/be_myshelf_300\/#breadcrumb"},"inLanguage":"es","potentialAction":[{"@type":"ReadAction","target":["https:\/\/old.haptic.store\/produkt\/be_myshelf_300\/"]}]},{"@type":"ImageObject","inLanguage":"es","@id":"https:\/\/old.haptic.store\/produkt\/be_myshelf_300\/#primaryimage","url":"https:\/\/old.haptic.store\/wp-content\/uploads\/2024\/08\/V2_SHELF_30_PINK.png","contentUrl":"https:\/\/old.haptic.store\/wp-content\/uploads\/2024\/08\/V2_SHELF_30_PINK.png","width":1728,"height":1296},{"@type":"BreadcrumbList","@id":"https:\/\/old.haptic.store\/produkt\/be_myshelf_300\/#breadcrumb","itemListElement":[{"@type":"ListItem","position":1,"name":"Dom\u016f","item":"https:\/\/old.haptic.store\/"},{"@type":"ListItem","position":2,"name":"Shop","item":"https:\/\/old.haptic.store\/de\/shop\/"},{"@type":"ListItem","position":3,"name":"be_myshelf_300"}]},{"@type":"WebSite","@id":"https:\/\/old.haptic.store\/#website","url":"https:\/\/old.haptic.store\/","name":"haptic.store","description":"","publisher":{"@id":"https:\/\/old.haptic.store\/#organization"},"potentialAction":[{"@type":"SearchAction","target":{"@type":"EntryPoint","urlTemplate":"https:\/\/old.haptic.store\/?s={search_term_string}"},"query-input":{"@type":"PropertyValueSpecification","valueRequired":true,"valueName":"search_term_string"}}],"inLanguage":"es"},{"@type":"Organization","@id":"https:\/\/old.haptic.store\/#organization","name":"boq architekti s.r.o.","url":"https:\/\/old.haptic.store\/","logo":{"@type":"ImageObject","inLanguage":"es","@id":"https:\/\/old.haptic.store\/#\/schema\/logo\/image\/","url":"https:\/\/old.haptic.store\/wp-content\/uploads\/2024\/06\/logo.png","contentUrl":"https:\/\/old.haptic.store\/wp-content\/uploads\/2024\/06\/logo.png","width":827,"height":276,"caption":"boq architekti s.r.o."},"image":{"@id":"https:\/\/old.haptic.store\/#\/schema\/logo\/image\/"}}]}},"jetpack_publicize_connections":[],"_links":{"self":[{"href":"https:\/\/old.haptic.store\/es\/wp-json\/wp\/v2\/product\/453","targetHints":{"allow":["GET"]}}],"collection":[{"href":"https:\/\/old.haptic.store\/es\/wp-json\/wp\/v2\/product"}],"about":[{"href":"https:\/\/old.haptic.store\/es\/wp-json\/wp\/v2\/types\/product"}],"wp:featuredmedia":[{"embeddable":true,"href":"https:\/\/old.haptic.store\/es\/wp-json\/wp\/v2\/media\/1350"}],"wp:attachment":[{"href":"https:\/\/old.haptic.store\/es\/wp-json\/wp\/v2\/media?parent=453"}],"wp:term":[{"taxonomy":"product_brand","embeddable":true,"href":"https:\/\/old.haptic.store\/es\/wp-json\/wp\/v2\/product_brand?post=453"},{"taxonomy":"product_cat","embeddable":true,"href":"https:\/\/old.haptic.store\/es\/wp-json\/wp\/v2\/product_cat?post=453"},{"taxonomy":"product_tag","embeddable":true,"href":"https:\/\/old.haptic.store\/es\/wp-json\/wp\/v2\/product_tag?post=453"}],"curies":[{"name":"wp","href":"https:\/\/api.w.org\/{rel}","templated":true}]}}