{"id":119,"date":"2024-05-08T07:45:49","date_gmt":"2024-05-08T07:45:49","guid":{"rendered":"http:\/\/doron"},"modified":"2025-10-20T09:17:48","modified_gmt":"2025-10-20T09:17:48","slug":"be_myshelf_500","status":"publish","type":"product","link":"https:\/\/old.haptic.store\/fr\/produit\/be_myshelf_500\/","title":{"rendered":"be_myshelf_500"},"content":{"rendered":"<p>L'\u00e9tag\u00e8re magn\u00e9tique unique be_myshelf fait \u00e9voluer toute salle de bains vers un design contemporain. Son installation se fait en quelques secondes. La large gamme de couleurs vous permet de vous adapter aux go\u00fbts de chaque client. Elle est con\u00e7ue pour \u00eatre utilis\u00e9e dans des conditions humides, directement dans la douche. Les aimants caoutchout\u00e9s assurent la stabilit\u00e9 sur la vitre de la douche et la prot\u00e8gent des dommages.<\/p>\n<p><strong>Haptic travaille avec une gamme compl\u00e8te de produits qui peuvent \u00eatre combin\u00e9s de mani\u00e8re pratique dans toute la salle de bains. Le plateau de lavabo, le porte-papier hygi\u00e9nique et les \u00e9tag\u00e8res magn\u00e9tiques de toutes sortes s'int\u00e8grent parfaitement au design de votre salle de bains.<\/strong><\/p>\n<p>Mat\u00e9riau : aluminium peint, finition r\u00e9sistante \u00e0 l'eau<\/p>\n<p>Dimensions : 500 x 90 x 75 mm (longueur x largeur x hauteur) : 500 x 90 x 75 mm (longueur x largeur x hauteur)<\/p>\n<p>Installation : avec aimants, sans per\u00e7age, sans collage, pour verre de 8 mm d'\u00e9paisseur max.<\/p>\n<p>Capacit\u00e9 de charge : 2,5 kg (ne convient pas au verre trait\u00e9 avec Anticalc, EasyClean, etc.)<\/p>\n<p>Entretien : essuyez avec un chiffon humide<\/p>\n<p>&nbsp;<\/p>\n<p><a href=\"https:\/\/www.haptic.store\/wp-content\/uploads\/2024\/08\/Technical-sheet_be_myshelf_500.pdf\" target=\"_blank\" rel=\"noopener\">Fiche technique<\/a><br \/>\n<a href=\"https:\/\/www.haptic.store\/instructions\/\" target=\"_blank\" rel=\"noopener\">Instructions d'installation<\/a><\/p>\n<p>&nbsp;<\/p>\n<p><span style=\"font-weight: 400;\">\u00a0<\/span><\/p>","protected":false},"excerpt":{"rendered":"<p>L'\u00e9tag\u00e8re magn\u00e9tique unique be_myshelf fait \u00e9voluer toute salle de bains vers un design contemporain. Son installation se fait en quelques secondes. La large gamme de couleurs vous permet de vous adapter aux go\u00fbts de chaque client. Elle est con\u00e7ue pour \u00eatre utilis\u00e9e dans des conditions humides, directement dans la douche. Les aimants caoutchout\u00e9s assurent la stabilit\u00e9 sur le verre de la douche et [...]<\/p>","protected":false},"featured_media":1358,"template":"","meta":{"jetpack_publicize_message":"","jetpack_publicize_feature_enabled":true,"jetpack_social_post_already_shared":false,"jetpack_social_options":{"image_generator_settings":{"template":"highway","default_image_id":0,"font":"","enabled":false},"version":2}},"product_brand":[],"product_cat":[26],"product_tag":[],"class_list":{"0":"post-119","1":"product","2":"type-product","3":"status-publish","4":"has-post-thumbnail","6":"product_cat-shop","8":"first","9":"instock","10":"taxable","11":"shipping-taxable","12":"purchasable","13":"product-type-variable","14":"has-default-attributes"},"yoast_head":"<!-- This site is optimized with the Yoast SEO Premium plugin v24.1 (Yoast SEO v24.1) - https:\/\/yoast.com\/wordpress\/plugins\/seo\/ -->\n<title>be_myshelf_500 - haptic.store<\/title>\n<meta name=\"description\" content=\"Unik\u00e1tn\u00ed magnetick\u00e1 police na sklo sprchov\u00e9ho koutu. Praktick\u00fd pomocn\u00edk do va\u0161\u00ed koupelny. Instalaci zvl\u00e1dnete b\u011bhem n\u011bkolika vte\u0159in, bez vrt\u00e1n\u00ed, bez lepen\u00ed.\" \/>\n<meta name=\"robots\" content=\"noindex, follow, max-snippet:-1, max-image-preview:large, max-video-preview:-1\" \/>\n<meta property=\"og:locale\" content=\"fr_FR\" \/>\n<meta property=\"og:type\" content=\"article\" \/>\n<meta property=\"og:title\" content=\"be_myshelf_500\" \/>\n<meta property=\"og:description\" content=\"Unik\u00e1tn\u00ed magnetick\u00e1 police na sklo sprchov\u00e9ho koutu. Praktick\u00fd pomocn\u00edk do va\u0161\u00ed koupelny. Instalaci zvl\u00e1dnete b\u011bhem n\u011bkolika vte\u0159in, bez vrt\u00e1n\u00ed, bez lepen\u00ed.\" \/>\n<meta property=\"og:url\" content=\"https:\/\/old.haptic.store\/fr\/produit\/be_myshelf_500\/\" \/>\n<meta property=\"og:site_name\" content=\"haptic.store\" \/>\n<meta property=\"article:modified_time\" content=\"2025-10-20T09:17:48+00:00\" \/>\n<meta property=\"og:image\" content=\"https:\/\/old.haptic.store\/wp-content\/uploads\/2024\/08\/V2_shelf_50_blue.png\" \/>\n\t<meta property=\"og:image:width\" content=\"1728\" \/>\n\t<meta property=\"og:image:height\" content=\"1296\" \/>\n\t<meta property=\"og:image:type\" content=\"image\/png\" \/>\n<meta name=\"twitter:card\" content=\"summary_large_image\" \/>\n<meta name=\"twitter:label1\" content=\"Dur\u00e9e de lecture estim\u00e9e\" \/>\n\t<meta name=\"twitter:data1\" content=\"2 minutes\" \/>\n<script type=\"application\/ld+json\" class=\"yoast-schema-graph\">{\"@context\":\"https:\/\/schema.org\",\"@graph\":[{\"@type\":\"WebPage\",\"@id\":\"https:\/\/old.haptic.store\/produkt\/be_myshelf_500\/\",\"url\":\"https:\/\/old.haptic.store\/produkt\/be_myshelf_500\/\",\"name\":\"be_myshelf_500 - haptic.store\",\"isPartOf\":{\"@id\":\"https:\/\/old.haptic.store\/#website\"},\"primaryImageOfPage\":{\"@id\":\"https:\/\/old.haptic.store\/produkt\/be_myshelf_500\/#primaryimage\"},\"image\":{\"@id\":\"https:\/\/old.haptic.store\/produkt\/be_myshelf_500\/#primaryimage\"},\"thumbnailUrl\":\"https:\/\/old.haptic.store\/wp-content\/uploads\/2024\/08\/V2_shelf_50_blue.png\",\"datePublished\":\"2024-05-08T07:45:49+00:00\",\"dateModified\":\"2025-10-20T09:17:48+00:00\",\"description\":\"Unik\u00e1tn\u00ed magnetick\u00e1 police na sklo sprchov\u00e9ho koutu. Praktick\u00fd pomocn\u00edk do va\u0161\u00ed koupelny. Instalaci zvl\u00e1dnete b\u011bhem n\u011bkolika vte\u0159in, bez vrt\u00e1n\u00ed, bez lepen\u00ed.\",\"breadcrumb\":{\"@id\":\"https:\/\/old.haptic.store\/produkt\/be_myshelf_500\/#breadcrumb\"},\"inLanguage\":\"fr-FR\",\"potentialAction\":[{\"@type\":\"ReadAction\",\"target\":[\"https:\/\/old.haptic.store\/produkt\/be_myshelf_500\/\"]}]},{\"@type\":\"ImageObject\",\"inLanguage\":\"fr-FR\",\"@id\":\"https:\/\/old.haptic.store\/produkt\/be_myshelf_500\/#primaryimage\",\"url\":\"https:\/\/old.haptic.store\/wp-content\/uploads\/2024\/08\/V2_shelf_50_blue.png\",\"contentUrl\":\"https:\/\/old.haptic.store\/wp-content\/uploads\/2024\/08\/V2_shelf_50_blue.png\",\"width\":1728,\"height\":1296},{\"@type\":\"BreadcrumbList\",\"@id\":\"https:\/\/old.haptic.store\/produkt\/be_myshelf_500\/#breadcrumb\",\"itemListElement\":[{\"@type\":\"ListItem\",\"position\":1,\"name\":\"Dom\u016f\",\"item\":\"https:\/\/old.haptic.store\/\"},{\"@type\":\"ListItem\",\"position\":2,\"name\":\"Shop\",\"item\":\"https:\/\/old.haptic.store\/de\/shop\/\"},{\"@type\":\"ListItem\",\"position\":3,\"name\":\"be_myshelf_500\"}]},{\"@type\":\"WebSite\",\"@id\":\"https:\/\/old.haptic.store\/#website\",\"url\":\"https:\/\/old.haptic.store\/\",\"name\":\"haptic.store\",\"description\":\"\",\"publisher\":{\"@id\":\"https:\/\/old.haptic.store\/#organization\"},\"potentialAction\":[{\"@type\":\"SearchAction\",\"target\":{\"@type\":\"EntryPoint\",\"urlTemplate\":\"https:\/\/old.haptic.store\/?s={search_term_string}\"},\"query-input\":{\"@type\":\"PropertyValueSpecification\",\"valueRequired\":true,\"valueName\":\"search_term_string\"}}],\"inLanguage\":\"fr-FR\"},{\"@type\":\"Organization\",\"@id\":\"https:\/\/old.haptic.store\/#organization\",\"name\":\"boq architekti s.r.o.\",\"url\":\"https:\/\/old.haptic.store\/\",\"logo\":{\"@type\":\"ImageObject\",\"inLanguage\":\"fr-FR\",\"@id\":\"https:\/\/old.haptic.store\/#\/schema\/logo\/image\/\",\"url\":\"https:\/\/old.haptic.store\/wp-content\/uploads\/2024\/06\/logo.png\",\"contentUrl\":\"https:\/\/old.haptic.store\/wp-content\/uploads\/2024\/06\/logo.png\",\"width\":827,\"height\":276,\"caption\":\"boq architekti s.r.o.\"},\"image\":{\"@id\":\"https:\/\/old.haptic.store\/#\/schema\/logo\/image\/\"}}]}<\/script>\n<!-- \/ Yoast SEO Premium plugin. -->","yoast_head_json":{"title":"be_myshelf_500 - haptic.store","description":"Unik\u00e1tn\u00ed magnetick\u00e1 police na sklo sprchov\u00e9ho koutu. Praktick\u00fd pomocn\u00edk do va\u0161\u00ed koupelny. Instalaci zvl\u00e1dnete b\u011bhem n\u011bkolika vte\u0159in, bez vrt\u00e1n\u00ed, bez lepen\u00ed.","robots":{"index":"noindex","follow":"follow","max-snippet":"max-snippet:-1","max-image-preview":"max-image-preview:large","max-video-preview":"max-video-preview:-1"},"og_locale":"fr_FR","og_type":"article","og_title":"be_myshelf_500","og_description":"Unik\u00e1tn\u00ed magnetick\u00e1 police na sklo sprchov\u00e9ho koutu. Praktick\u00fd pomocn\u00edk do va\u0161\u00ed koupelny. Instalaci zvl\u00e1dnete b\u011bhem n\u011bkolika vte\u0159in, bez vrt\u00e1n\u00ed, bez lepen\u00ed.","og_url":"https:\/\/old.haptic.store\/fr\/produit\/be_myshelf_500\/","og_site_name":"haptic.store","article_modified_time":"2025-10-20T09:17:48+00:00","og_image":[{"width":1728,"height":1296,"url":"https:\/\/old.haptic.store\/wp-content\/uploads\/2024\/08\/V2_shelf_50_blue.png","type":"image\/png"}],"twitter_card":"summary_large_image","twitter_misc":{"Dur\u00e9e de lecture estim\u00e9e":"2 minutes"},"schema":{"@context":"https:\/\/schema.org","@graph":[{"@type":"WebPage","@id":"https:\/\/old.haptic.store\/produkt\/be_myshelf_500\/","url":"https:\/\/old.haptic.store\/produkt\/be_myshelf_500\/","name":"be_myshelf_500 - haptic.store","isPartOf":{"@id":"https:\/\/old.haptic.store\/#website"},"primaryImageOfPage":{"@id":"https:\/\/old.haptic.store\/produkt\/be_myshelf_500\/#primaryimage"},"image":{"@id":"https:\/\/old.haptic.store\/produkt\/be_myshelf_500\/#primaryimage"},"thumbnailUrl":"https:\/\/old.haptic.store\/wp-content\/uploads\/2024\/08\/V2_shelf_50_blue.png","datePublished":"2024-05-08T07:45:49+00:00","dateModified":"2025-10-20T09:17:48+00:00","description":"Unik\u00e1tn\u00ed magnetick\u00e1 police na sklo sprchov\u00e9ho koutu. Praktick\u00fd pomocn\u00edk do va\u0161\u00ed koupelny. Instalaci zvl\u00e1dnete b\u011bhem n\u011bkolika vte\u0159in, bez vrt\u00e1n\u00ed, bez lepen\u00ed.","breadcrumb":{"@id":"https:\/\/old.haptic.store\/produkt\/be_myshelf_500\/#breadcrumb"},"inLanguage":"fr-FR","potentialAction":[{"@type":"ReadAction","target":["https:\/\/old.haptic.store\/produkt\/be_myshelf_500\/"]}]},{"@type":"ImageObject","inLanguage":"fr-FR","@id":"https:\/\/old.haptic.store\/produkt\/be_myshelf_500\/#primaryimage","url":"https:\/\/old.haptic.store\/wp-content\/uploads\/2024\/08\/V2_shelf_50_blue.png","contentUrl":"https:\/\/old.haptic.store\/wp-content\/uploads\/2024\/08\/V2_shelf_50_blue.png","width":1728,"height":1296},{"@type":"BreadcrumbList","@id":"https:\/\/old.haptic.store\/produkt\/be_myshelf_500\/#breadcrumb","itemListElement":[{"@type":"ListItem","position":1,"name":"Dom\u016f","item":"https:\/\/old.haptic.store\/"},{"@type":"ListItem","position":2,"name":"Shop","item":"https:\/\/old.haptic.store\/de\/shop\/"},{"@type":"ListItem","position":3,"name":"be_myshelf_500"}]},{"@type":"WebSite","@id":"https:\/\/old.haptic.store\/#website","url":"https:\/\/old.haptic.store\/","name":"haptic.store","description":"","publisher":{"@id":"https:\/\/old.haptic.store\/#organization"},"potentialAction":[{"@type":"SearchAction","target":{"@type":"EntryPoint","urlTemplate":"https:\/\/old.haptic.store\/?s={search_term_string}"},"query-input":{"@type":"PropertyValueSpecification","valueRequired":true,"valueName":"search_term_string"}}],"inLanguage":"fr-FR"},{"@type":"Organization","@id":"https:\/\/old.haptic.store\/#organization","name":"boq architekti s.r.o.","url":"https:\/\/old.haptic.store\/","logo":{"@type":"ImageObject","inLanguage":"fr-FR","@id":"https:\/\/old.haptic.store\/#\/schema\/logo\/image\/","url":"https:\/\/old.haptic.store\/wp-content\/uploads\/2024\/06\/logo.png","contentUrl":"https:\/\/old.haptic.store\/wp-content\/uploads\/2024\/06\/logo.png","width":827,"height":276,"caption":"boq architekti s.r.o."},"image":{"@id":"https:\/\/old.haptic.store\/#\/schema\/logo\/image\/"}}]}},"jetpack_publicize_connections":[],"_links":{"self":[{"href":"https:\/\/old.haptic.store\/fr\/wp-json\/wp\/v2\/product\/119","targetHints":{"allow":["GET"]}}],"collection":[{"href":"https:\/\/old.haptic.store\/fr\/wp-json\/wp\/v2\/product"}],"about":[{"href":"https:\/\/old.haptic.store\/fr\/wp-json\/wp\/v2\/types\/product"}],"wp:featuredmedia":[{"embeddable":true,"href":"https:\/\/old.haptic.store\/fr\/wp-json\/wp\/v2\/media\/1358"}],"wp:attachment":[{"href":"https:\/\/old.haptic.store\/fr\/wp-json\/wp\/v2\/media?parent=119"}],"wp:term":[{"taxonomy":"product_brand","embeddable":true,"href":"https:\/\/old.haptic.store\/fr\/wp-json\/wp\/v2\/product_brand?post=119"},{"taxonomy":"product_cat","embeddable":true,"href":"https:\/\/old.haptic.store\/fr\/wp-json\/wp\/v2\/product_cat?post=119"},{"taxonomy":"product_tag","embeddable":true,"href":"https:\/\/old.haptic.store\/fr\/wp-json\/wp\/v2\/product_tag?post=119"}],"curies":[{"name":"wp","href":"https:\/\/api.w.org\/{rel}","templated":true}]}}