{"id":703,"date":"2024-07-26T10:01:07","date_gmt":"2024-07-26T10:01:07","guid":{"rendered":"https:\/\/www.haptic.store\/?post_type=product&#038;p=703"},"modified":"2025-10-22T19:02:34","modified_gmt":"2025-10-22T19:02:34","slug":"be_myshelf_ohradka","status":"publish","type":"product","link":"https:\/\/old.haptic.store\/fr\/produit\/be_myshelf\/","title":{"rendered":"be_myshelf_shower caddy"},"content":{"rendered":"<p>Le bac \u00e0 douche offre un espace de rangement pour toutes les petites choses. Vous aurez toujours votre brosse \u00e0 dents, votre dentifrice, votre rasoir \u00e0 port\u00e9e de main, au m\u00eame endroit.<\/p>\n<p>Le bac \u00e0 douche est con\u00e7u comme un \u00e9l\u00e9ment modulaire qui s'embo\u00eete simplement sur la tablette be_myshelf. Tous vos petits objets trouveront imm\u00e9diatement leur place et leur ordre.<\/p>\n<p><strong>Avec le bac \u00e0 douche, vous pouvez prendre des couleurs. Vous avez une \u00e9tag\u00e8re noire ? Compl\u00e9tez-la avec un bac \u00e0 douche blanc contrastant. Vous avez une \u00e9tag\u00e8re blanche ? Essayez un bac bleu. Du rose avec du vert ? C'est possible... cr\u00e9ez votre propre originalit\u00e9.<\/strong><\/p>\n<p>Mat\u00e9riau : aluminium peint, finition r\u00e9sistante \u00e0 l'eau<\/p>\n<p>Couleurs : noir, blanc, bleu, vert, rose<\/p>\n<p>Dimensions : 90 x 80 x 100 mm : 90 x 80 x 100 mm<\/p>\n<p>&nbsp;<\/p>\n<p>Entretien : essuyez avec un chiffon humide<\/p>\n<p>&nbsp;<\/p>\n<p>&nbsp;<\/p>\n<p><span style=\"font-weight: 400;\">\u00a0<\/span><\/p>","protected":false},"excerpt":{"rendered":"<p>The shower caddy will provide space for storing all the little things. Now you&#8217;ll always have your toothbrush, toothpaste, razor or shaver on hand in one place. The shower caddy is designed as a modular element that simply snaps onto the be_myshelf. All your small items will immediately find their place and order. With the [&hellip;]<\/p>","protected":false},"featured_media":1836,"template":"","meta":{"jetpack_publicize_message":"","jetpack_publicize_feature_enabled":true,"jetpack_social_post_already_shared":false,"jetpack_social_options":{"image_generator_settings":{"template":"highway","default_image_id":0,"font":"","enabled":false},"version":2}},"product_brand":[],"product_cat":[35,26],"product_tag":[],"class_list":{"0":"post-703","1":"product","2":"type-product","3":"status-publish","4":"has-post-thumbnail","6":"product_cat-doplnky","7":"product_cat-shop","9":"first","10":"instock","11":"taxable","12":"shipping-taxable","13":"purchasable","14":"product-type-variable","15":"has-default-attributes"},"yoast_head":"<!-- This site is optimized with the Yoast SEO Premium plugin v24.1 (Yoast SEO v24.1) - https:\/\/yoast.com\/wordpress\/plugins\/seo\/ -->\n<title>be_myshelf_shower caddy - haptic.store<\/title>\n<meta name=\"robots\" content=\"noindex, follow, max-snippet:-1, max-image-preview:large, max-video-preview:-1\" \/>\n<meta property=\"og:locale\" content=\"fr_FR\" \/>\n<meta property=\"og:type\" content=\"article\" \/>\n<meta property=\"og:title\" content=\"be_myshelf_shower caddy\" \/>\n<meta property=\"og:description\" content=\"The shower caddy will provide space for storing all the little things. Now you&#8217;ll always have your toothbrush, toothpaste, razor or shaver on hand in one place. The shower caddy is designed as a modular element that simply snaps onto the be_myshelf. All your small items will immediately find their place and order. With the [&hellip;]\" \/>\n<meta property=\"og:url\" content=\"https:\/\/old.haptic.store\/fr\/produit\/be_myshelf\/\" \/>\n<meta property=\"og:site_name\" content=\"haptic.store\" \/>\n<meta property=\"article:modified_time\" content=\"2025-10-22T19:02:34+00:00\" \/>\n<meta property=\"og:image\" content=\"https:\/\/old.haptic.store\/wp-content\/uploads\/2024\/09\/SHOWER_CADDY_SKY_1-1.webp\" \/>\n\t<meta property=\"og:image:width\" content=\"1728\" \/>\n\t<meta property=\"og:image:height\" content=\"1296\" \/>\n\t<meta property=\"og:image:type\" content=\"image\/webp\" \/>\n<meta name=\"twitter:card\" content=\"summary_large_image\" \/>\n<meta name=\"twitter:label1\" content=\"Dur\u00e9e de lecture estim\u00e9e\" \/>\n\t<meta name=\"twitter:data1\" content=\"1 minute\" \/>\n<script type=\"application\/ld+json\" class=\"yoast-schema-graph\">{\"@context\":\"https:\/\/schema.org\",\"@graph\":[{\"@type\":\"WebPage\",\"@id\":\"https:\/\/old.haptic.store\/produkt\/be_myshelf_ohradka\/\",\"url\":\"https:\/\/old.haptic.store\/produkt\/be_myshelf_ohradka\/\",\"name\":\"be_myshelf_shower caddy - haptic.store\",\"isPartOf\":{\"@id\":\"https:\/\/old.haptic.store\/#website\"},\"primaryImageOfPage\":{\"@id\":\"https:\/\/old.haptic.store\/produkt\/be_myshelf_ohradka\/#primaryimage\"},\"image\":{\"@id\":\"https:\/\/old.haptic.store\/produkt\/be_myshelf_ohradka\/#primaryimage\"},\"thumbnailUrl\":\"https:\/\/old.haptic.store\/wp-content\/uploads\/2024\/09\/SHOWER_CADDY_SKY_1-1.webp\",\"datePublished\":\"2024-07-26T10:01:07+00:00\",\"dateModified\":\"2025-10-22T19:02:34+00:00\",\"breadcrumb\":{\"@id\":\"https:\/\/old.haptic.store\/produkt\/be_myshelf_ohradka\/#breadcrumb\"},\"inLanguage\":\"fr-FR\",\"potentialAction\":[{\"@type\":\"ReadAction\",\"target\":[\"https:\/\/old.haptic.store\/produkt\/be_myshelf_ohradka\/\"]}]},{\"@type\":\"ImageObject\",\"inLanguage\":\"fr-FR\",\"@id\":\"https:\/\/old.haptic.store\/produkt\/be_myshelf_ohradka\/#primaryimage\",\"url\":\"https:\/\/old.haptic.store\/wp-content\/uploads\/2024\/09\/SHOWER_CADDY_SKY_1-1.webp\",\"contentUrl\":\"https:\/\/old.haptic.store\/wp-content\/uploads\/2024\/09\/SHOWER_CADDY_SKY_1-1.webp\",\"width\":1728,\"height\":1296},{\"@type\":\"BreadcrumbList\",\"@id\":\"https:\/\/old.haptic.store\/produkt\/be_myshelf_ohradka\/#breadcrumb\",\"itemListElement\":[{\"@type\":\"ListItem\",\"position\":1,\"name\":\"Dom\u016f\",\"item\":\"https:\/\/old.haptic.store\/\"},{\"@type\":\"ListItem\",\"position\":2,\"name\":\"Shop\",\"item\":\"https:\/\/old.haptic.store\/de\/shop\/\"},{\"@type\":\"ListItem\",\"position\":3,\"name\":\"be_myshelf_shower caddy\"}]},{\"@type\":\"WebSite\",\"@id\":\"https:\/\/old.haptic.store\/#website\",\"url\":\"https:\/\/old.haptic.store\/\",\"name\":\"haptic.store\",\"description\":\"\",\"publisher\":{\"@id\":\"https:\/\/old.haptic.store\/#organization\"},\"potentialAction\":[{\"@type\":\"SearchAction\",\"target\":{\"@type\":\"EntryPoint\",\"urlTemplate\":\"https:\/\/old.haptic.store\/?s={search_term_string}\"},\"query-input\":{\"@type\":\"PropertyValueSpecification\",\"valueRequired\":true,\"valueName\":\"search_term_string\"}}],\"inLanguage\":\"fr-FR\"},{\"@type\":\"Organization\",\"@id\":\"https:\/\/old.haptic.store\/#organization\",\"name\":\"boq architekti s.r.o.\",\"url\":\"https:\/\/old.haptic.store\/\",\"logo\":{\"@type\":\"ImageObject\",\"inLanguage\":\"fr-FR\",\"@id\":\"https:\/\/old.haptic.store\/#\/schema\/logo\/image\/\",\"url\":\"https:\/\/old.haptic.store\/wp-content\/uploads\/2024\/06\/logo.png\",\"contentUrl\":\"https:\/\/old.haptic.store\/wp-content\/uploads\/2024\/06\/logo.png\",\"width\":827,\"height\":276,\"caption\":\"boq architekti s.r.o.\"},\"image\":{\"@id\":\"https:\/\/old.haptic.store\/#\/schema\/logo\/image\/\"}}]}<\/script>\n<!-- \/ Yoast SEO Premium plugin. -->","yoast_head_json":{"title":"be_myshelf_shower caddy - haptic.store","robots":{"index":"noindex","follow":"follow","max-snippet":"max-snippet:-1","max-image-preview":"max-image-preview:large","max-video-preview":"max-video-preview:-1"},"og_locale":"fr_FR","og_type":"article","og_title":"be_myshelf_shower caddy","og_description":"The shower caddy will provide space for storing all the little things. Now you&#8217;ll always have your toothbrush, toothpaste, razor or shaver on hand in one place. The shower caddy is designed as a modular element that simply snaps onto the be_myshelf. All your small items will immediately find their place and order. With the [&hellip;]","og_url":"https:\/\/old.haptic.store\/fr\/produit\/be_myshelf\/","og_site_name":"haptic.store","article_modified_time":"2025-10-22T19:02:34+00:00","og_image":[{"width":1728,"height":1296,"url":"https:\/\/old.haptic.store\/wp-content\/uploads\/2024\/09\/SHOWER_CADDY_SKY_1-1.webp","type":"image\/webp"}],"twitter_card":"summary_large_image","twitter_misc":{"Dur\u00e9e de lecture estim\u00e9e":"1 minute"},"schema":{"@context":"https:\/\/schema.org","@graph":[{"@type":"WebPage","@id":"https:\/\/old.haptic.store\/produkt\/be_myshelf_ohradka\/","url":"https:\/\/old.haptic.store\/produkt\/be_myshelf_ohradka\/","name":"be_myshelf_shower caddy - haptic.store","isPartOf":{"@id":"https:\/\/old.haptic.store\/#website"},"primaryImageOfPage":{"@id":"https:\/\/old.haptic.store\/produkt\/be_myshelf_ohradka\/#primaryimage"},"image":{"@id":"https:\/\/old.haptic.store\/produkt\/be_myshelf_ohradka\/#primaryimage"},"thumbnailUrl":"https:\/\/old.haptic.store\/wp-content\/uploads\/2024\/09\/SHOWER_CADDY_SKY_1-1.webp","datePublished":"2024-07-26T10:01:07+00:00","dateModified":"2025-10-22T19:02:34+00:00","breadcrumb":{"@id":"https:\/\/old.haptic.store\/produkt\/be_myshelf_ohradka\/#breadcrumb"},"inLanguage":"fr-FR","potentialAction":[{"@type":"ReadAction","target":["https:\/\/old.haptic.store\/produkt\/be_myshelf_ohradka\/"]}]},{"@type":"ImageObject","inLanguage":"fr-FR","@id":"https:\/\/old.haptic.store\/produkt\/be_myshelf_ohradka\/#primaryimage","url":"https:\/\/old.haptic.store\/wp-content\/uploads\/2024\/09\/SHOWER_CADDY_SKY_1-1.webp","contentUrl":"https:\/\/old.haptic.store\/wp-content\/uploads\/2024\/09\/SHOWER_CADDY_SKY_1-1.webp","width":1728,"height":1296},{"@type":"BreadcrumbList","@id":"https:\/\/old.haptic.store\/produkt\/be_myshelf_ohradka\/#breadcrumb","itemListElement":[{"@type":"ListItem","position":1,"name":"Dom\u016f","item":"https:\/\/old.haptic.store\/"},{"@type":"ListItem","position":2,"name":"Shop","item":"https:\/\/old.haptic.store\/de\/shop\/"},{"@type":"ListItem","position":3,"name":"be_myshelf_shower caddy"}]},{"@type":"WebSite","@id":"https:\/\/old.haptic.store\/#website","url":"https:\/\/old.haptic.store\/","name":"haptic.store","description":"","publisher":{"@id":"https:\/\/old.haptic.store\/#organization"},"potentialAction":[{"@type":"SearchAction","target":{"@type":"EntryPoint","urlTemplate":"https:\/\/old.haptic.store\/?s={search_term_string}"},"query-input":{"@type":"PropertyValueSpecification","valueRequired":true,"valueName":"search_term_string"}}],"inLanguage":"fr-FR"},{"@type":"Organization","@id":"https:\/\/old.haptic.store\/#organization","name":"boq architekti s.r.o.","url":"https:\/\/old.haptic.store\/","logo":{"@type":"ImageObject","inLanguage":"fr-FR","@id":"https:\/\/old.haptic.store\/#\/schema\/logo\/image\/","url":"https:\/\/old.haptic.store\/wp-content\/uploads\/2024\/06\/logo.png","contentUrl":"https:\/\/old.haptic.store\/wp-content\/uploads\/2024\/06\/logo.png","width":827,"height":276,"caption":"boq architekti s.r.o."},"image":{"@id":"https:\/\/old.haptic.store\/#\/schema\/logo\/image\/"}}]}},"jetpack_publicize_connections":[],"_links":{"self":[{"href":"https:\/\/old.haptic.store\/fr\/wp-json\/wp\/v2\/product\/703","targetHints":{"allow":["GET"]}}],"collection":[{"href":"https:\/\/old.haptic.store\/fr\/wp-json\/wp\/v2\/product"}],"about":[{"href":"https:\/\/old.haptic.store\/fr\/wp-json\/wp\/v2\/types\/product"}],"wp:featuredmedia":[{"embeddable":true,"href":"https:\/\/old.haptic.store\/fr\/wp-json\/wp\/v2\/media\/1836"}],"wp:attachment":[{"href":"https:\/\/old.haptic.store\/fr\/wp-json\/wp\/v2\/media?parent=703"}],"wp:term":[{"taxonomy":"product_brand","embeddable":true,"href":"https:\/\/old.haptic.store\/fr\/wp-json\/wp\/v2\/product_brand?post=703"},{"taxonomy":"product_cat","embeddable":true,"href":"https:\/\/old.haptic.store\/fr\/wp-json\/wp\/v2\/product_cat?post=703"},{"taxonomy":"product_tag","embeddable":true,"href":"https:\/\/old.haptic.store\/fr\/wp-json\/wp\/v2\/product_tag?post=703"}],"curies":[{"name":"wp","href":"https:\/\/api.w.org\/{rel}","templated":true}]}}