{"id":722,"date":"2024-07-26T10:12:43","date_gmt":"2024-07-26T10:12:43","guid":{"rendered":"https:\/\/www.haptic.store\/?post_type=product&#038;p=722"},"modified":"2025-10-20T09:17:48","modified_gmt":"2025-10-20T09:17:48","slug":"be_myshelf_vanity_tray","status":"publish","type":"product","link":"https:\/\/old.haptic.store\/fr\/produit\/be_myshelf_vanity_tray\/","title":{"rendered":"be_myshelf_vanity tray"},"content":{"rendered":"<p>Un plateau de rangement pour faciliter le stockage des petits objets et garder votre salle de bains en ordre. Il est con\u00e7u pour compl\u00e9ter les \u00e9tag\u00e8res be_myshelf, ce qui vous permet d'obtenir un design uniforme m\u00eame en dehors de la douche.<br \/>\nLe plateau de rangement a une forme astucieuse qui s'adapte au porte-savon Haptic pour ranger les savons solides.<\/p>\n<p><strong>Son utilisation id\u00e9ale se fait directement sur ou \u00e0 c\u00f4t\u00e9 de l'\u00e9vier. Il offre un espace pratique pour une pompe \u00e0 savon, une cr\u00e8me ou un diffuseur.<\/strong><\/p>\n<p>Mat\u00e9riau : aluminium peint, finition r\u00e9sistante \u00e0 l'eau<br \/>\nCouleurs : noir, blanc, bleu, vert, rose<br \/>\nDimensions : 300 x 117 x 75 mm : 300 x 117 x 75 mm<br \/>\nEntretien : essuyez avec un chiffon humide<\/p>\n<p>&nbsp;<\/p>\n<p>&nbsp;<\/p>\n<p><span style=\"font-weight: 400;\">\u00a0<\/span><\/p>","protected":false},"excerpt":{"rendered":"<p>A storage tray for easier storage of small items and keeping your bathroom tidy. It is designed to complement the be_myshelf shelves, allowing you to achieve a uniform design even outside the shower. The storage tray has a clever shape that fits the Haptic soap dish for storing solid soaps. Its ideal use is directly [&hellip;]<\/p>","protected":false},"featured_media":1840,"template":"","meta":{"jetpack_publicize_message":"","jetpack_publicize_feature_enabled":true,"jetpack_social_post_already_shared":false,"jetpack_social_options":{"image_generator_settings":{"template":"highway","default_image_id":0,"font":"","enabled":false},"version":2}},"product_brand":[],"product_cat":[26],"product_tag":[66,65,64],"class_list":{"0":"post-722","1":"product","2":"type-product","3":"status-publish","4":"has-post-thumbnail","6":"product_cat-shop","7":"product_tag-be-myshelf","8":"product_tag-haptic-family","9":"product_tag-vanity-tray","11":"first","12":"instock","13":"taxable","14":"shipping-taxable","15":"purchasable","16":"product-type-variable","17":"has-default-attributes"},"yoast_head":"<!-- This site is optimized with the Yoast SEO Premium plugin v24.1 (Yoast SEO v24.1) - https:\/\/yoast.com\/wordpress\/plugins\/seo\/ -->\n<title>be_myshelf_vanity tray - haptic.store<\/title>\n<meta name=\"description\" content=\"\u00dalo\u017en\u00fd box z rodiny Haptic be myshelf. Odkl\u00e1dac\u00ed miska pro snadn\u011bj\u0161\u00ed skladov\u00e1n\u00ed drobnost\u00ed a udr\u017eov\u00e1n\u00ed po\u0159\u00e1dku ve va\u0161\u00ed koupeln\u011b.\" \/>\n<meta name=\"robots\" content=\"noindex, follow, max-snippet:-1, max-image-preview:large, max-video-preview:-1\" \/>\n<meta property=\"og:locale\" content=\"fr_FR\" \/>\n<meta property=\"og:type\" content=\"article\" \/>\n<meta property=\"og:title\" content=\"be_myshelf_vanity tray\" \/>\n<meta property=\"og:description\" content=\"\u00dalo\u017en\u00fd box z rodiny Haptic be myshelf. Odkl\u00e1dac\u00ed miska pro snadn\u011bj\u0161\u00ed skladov\u00e1n\u00ed drobnost\u00ed a udr\u017eov\u00e1n\u00ed po\u0159\u00e1dku ve va\u0161\u00ed koupeln\u011b.\" \/>\n<meta property=\"og:url\" content=\"https:\/\/old.haptic.store\/fr\/produit\/be_myshelf_vanity_tray\/\" \/>\n<meta property=\"og:site_name\" content=\"haptic.store\" \/>\n<meta property=\"article:modified_time\" content=\"2025-10-20T09:17:48+00:00\" \/>\n<meta property=\"og:image\" content=\"https:\/\/old.haptic.store\/wp-content\/uploads\/2024\/09\/VANITY-TRAY_PURE_1-2.webp\" \/>\n\t<meta property=\"og:image:width\" content=\"1728\" \/>\n\t<meta property=\"og:image:height\" content=\"1296\" \/>\n\t<meta property=\"og:image:type\" content=\"image\/webp\" \/>\n<meta name=\"twitter:card\" content=\"summary_large_image\" \/>\n<meta name=\"twitter:label1\" content=\"Dur\u00e9e de lecture estim\u00e9e\" \/>\n\t<meta name=\"twitter:data1\" content=\"1 minute\" \/>\n<script type=\"application\/ld+json\" class=\"yoast-schema-graph\">{\"@context\":\"https:\/\/schema.org\",\"@graph\":[{\"@type\":\"WebPage\",\"@id\":\"https:\/\/old.haptic.store\/produkt\/be_myshelf_vanity_tray\/\",\"url\":\"https:\/\/old.haptic.store\/produkt\/be_myshelf_vanity_tray\/\",\"name\":\"be_myshelf_vanity tray - haptic.store\",\"isPartOf\":{\"@id\":\"https:\/\/old.haptic.store\/#website\"},\"primaryImageOfPage\":{\"@id\":\"https:\/\/old.haptic.store\/produkt\/be_myshelf_vanity_tray\/#primaryimage\"},\"image\":{\"@id\":\"https:\/\/old.haptic.store\/produkt\/be_myshelf_vanity_tray\/#primaryimage\"},\"thumbnailUrl\":\"https:\/\/old.haptic.store\/wp-content\/uploads\/2024\/09\/VANITY-TRAY_PURE_1-2.webp\",\"datePublished\":\"2024-07-26T10:12:43+00:00\",\"dateModified\":\"2025-10-20T09:17:48+00:00\",\"description\":\"\u00dalo\u017en\u00fd box z rodiny Haptic be myshelf. Odkl\u00e1dac\u00ed miska pro snadn\u011bj\u0161\u00ed skladov\u00e1n\u00ed drobnost\u00ed a udr\u017eov\u00e1n\u00ed po\u0159\u00e1dku ve va\u0161\u00ed koupeln\u011b.\",\"breadcrumb\":{\"@id\":\"https:\/\/old.haptic.store\/produkt\/be_myshelf_vanity_tray\/#breadcrumb\"},\"inLanguage\":\"fr-FR\",\"potentialAction\":[{\"@type\":\"ReadAction\",\"target\":[\"https:\/\/old.haptic.store\/produkt\/be_myshelf_vanity_tray\/\"]}]},{\"@type\":\"ImageObject\",\"inLanguage\":\"fr-FR\",\"@id\":\"https:\/\/old.haptic.store\/produkt\/be_myshelf_vanity_tray\/#primaryimage\",\"url\":\"https:\/\/old.haptic.store\/wp-content\/uploads\/2024\/09\/VANITY-TRAY_PURE_1-2.webp\",\"contentUrl\":\"https:\/\/old.haptic.store\/wp-content\/uploads\/2024\/09\/VANITY-TRAY_PURE_1-2.webp\",\"width\":1728,\"height\":1296},{\"@type\":\"BreadcrumbList\",\"@id\":\"https:\/\/old.haptic.store\/produkt\/be_myshelf_vanity_tray\/#breadcrumb\",\"itemListElement\":[{\"@type\":\"ListItem\",\"position\":1,\"name\":\"Dom\u016f\",\"item\":\"https:\/\/old.haptic.store\/\"},{\"@type\":\"ListItem\",\"position\":2,\"name\":\"Shop\",\"item\":\"https:\/\/old.haptic.store\/de\/shop\/\"},{\"@type\":\"ListItem\",\"position\":3,\"name\":\"be_myshelf_vanity tray\"}]},{\"@type\":\"WebSite\",\"@id\":\"https:\/\/old.haptic.store\/#website\",\"url\":\"https:\/\/old.haptic.store\/\",\"name\":\"haptic.store\",\"description\":\"\",\"publisher\":{\"@id\":\"https:\/\/old.haptic.store\/#organization\"},\"potentialAction\":[{\"@type\":\"SearchAction\",\"target\":{\"@type\":\"EntryPoint\",\"urlTemplate\":\"https:\/\/old.haptic.store\/?s={search_term_string}\"},\"query-input\":{\"@type\":\"PropertyValueSpecification\",\"valueRequired\":true,\"valueName\":\"search_term_string\"}}],\"inLanguage\":\"fr-FR\"},{\"@type\":\"Organization\",\"@id\":\"https:\/\/old.haptic.store\/#organization\",\"name\":\"boq architekti s.r.o.\",\"url\":\"https:\/\/old.haptic.store\/\",\"logo\":{\"@type\":\"ImageObject\",\"inLanguage\":\"fr-FR\",\"@id\":\"https:\/\/old.haptic.store\/#\/schema\/logo\/image\/\",\"url\":\"https:\/\/old.haptic.store\/wp-content\/uploads\/2024\/06\/logo.png\",\"contentUrl\":\"https:\/\/old.haptic.store\/wp-content\/uploads\/2024\/06\/logo.png\",\"width\":827,\"height\":276,\"caption\":\"boq architekti s.r.o.\"},\"image\":{\"@id\":\"https:\/\/old.haptic.store\/#\/schema\/logo\/image\/\"}}]}<\/script>\n<!-- \/ Yoast SEO Premium plugin. -->","yoast_head_json":{"title":"be_myshelf_vanity tray - haptic.store","description":"\u00dalo\u017en\u00fd box z rodiny Haptic be myshelf. Odkl\u00e1dac\u00ed miska pro snadn\u011bj\u0161\u00ed skladov\u00e1n\u00ed drobnost\u00ed a udr\u017eov\u00e1n\u00ed po\u0159\u00e1dku ve va\u0161\u00ed koupeln\u011b.","robots":{"index":"noindex","follow":"follow","max-snippet":"max-snippet:-1","max-image-preview":"max-image-preview:large","max-video-preview":"max-video-preview:-1"},"og_locale":"fr_FR","og_type":"article","og_title":"be_myshelf_vanity tray","og_description":"\u00dalo\u017en\u00fd box z rodiny Haptic be myshelf. Odkl\u00e1dac\u00ed miska pro snadn\u011bj\u0161\u00ed skladov\u00e1n\u00ed drobnost\u00ed a udr\u017eov\u00e1n\u00ed po\u0159\u00e1dku ve va\u0161\u00ed koupeln\u011b.","og_url":"https:\/\/old.haptic.store\/fr\/produit\/be_myshelf_vanity_tray\/","og_site_name":"haptic.store","article_modified_time":"2025-10-20T09:17:48+00:00","og_image":[{"width":1728,"height":1296,"url":"https:\/\/old.haptic.store\/wp-content\/uploads\/2024\/09\/VANITY-TRAY_PURE_1-2.webp","type":"image\/webp"}],"twitter_card":"summary_large_image","twitter_misc":{"Dur\u00e9e de lecture estim\u00e9e":"1 minute"},"schema":{"@context":"https:\/\/schema.org","@graph":[{"@type":"WebPage","@id":"https:\/\/old.haptic.store\/produkt\/be_myshelf_vanity_tray\/","url":"https:\/\/old.haptic.store\/produkt\/be_myshelf_vanity_tray\/","name":"be_myshelf_vanity tray - haptic.store","isPartOf":{"@id":"https:\/\/old.haptic.store\/#website"},"primaryImageOfPage":{"@id":"https:\/\/old.haptic.store\/produkt\/be_myshelf_vanity_tray\/#primaryimage"},"image":{"@id":"https:\/\/old.haptic.store\/produkt\/be_myshelf_vanity_tray\/#primaryimage"},"thumbnailUrl":"https:\/\/old.haptic.store\/wp-content\/uploads\/2024\/09\/VANITY-TRAY_PURE_1-2.webp","datePublished":"2024-07-26T10:12:43+00:00","dateModified":"2025-10-20T09:17:48+00:00","description":"\u00dalo\u017en\u00fd box z rodiny Haptic be myshelf. Odkl\u00e1dac\u00ed miska pro snadn\u011bj\u0161\u00ed skladov\u00e1n\u00ed drobnost\u00ed a udr\u017eov\u00e1n\u00ed po\u0159\u00e1dku ve va\u0161\u00ed koupeln\u011b.","breadcrumb":{"@id":"https:\/\/old.haptic.store\/produkt\/be_myshelf_vanity_tray\/#breadcrumb"},"inLanguage":"fr-FR","potentialAction":[{"@type":"ReadAction","target":["https:\/\/old.haptic.store\/produkt\/be_myshelf_vanity_tray\/"]}]},{"@type":"ImageObject","inLanguage":"fr-FR","@id":"https:\/\/old.haptic.store\/produkt\/be_myshelf_vanity_tray\/#primaryimage","url":"https:\/\/old.haptic.store\/wp-content\/uploads\/2024\/09\/VANITY-TRAY_PURE_1-2.webp","contentUrl":"https:\/\/old.haptic.store\/wp-content\/uploads\/2024\/09\/VANITY-TRAY_PURE_1-2.webp","width":1728,"height":1296},{"@type":"BreadcrumbList","@id":"https:\/\/old.haptic.store\/produkt\/be_myshelf_vanity_tray\/#breadcrumb","itemListElement":[{"@type":"ListItem","position":1,"name":"Dom\u016f","item":"https:\/\/old.haptic.store\/"},{"@type":"ListItem","position":2,"name":"Shop","item":"https:\/\/old.haptic.store\/de\/shop\/"},{"@type":"ListItem","position":3,"name":"be_myshelf_vanity tray"}]},{"@type":"WebSite","@id":"https:\/\/old.haptic.store\/#website","url":"https:\/\/old.haptic.store\/","name":"haptic.store","description":"","publisher":{"@id":"https:\/\/old.haptic.store\/#organization"},"potentialAction":[{"@type":"SearchAction","target":{"@type":"EntryPoint","urlTemplate":"https:\/\/old.haptic.store\/?s={search_term_string}"},"query-input":{"@type":"PropertyValueSpecification","valueRequired":true,"valueName":"search_term_string"}}],"inLanguage":"fr-FR"},{"@type":"Organization","@id":"https:\/\/old.haptic.store\/#organization","name":"boq architekti s.r.o.","url":"https:\/\/old.haptic.store\/","logo":{"@type":"ImageObject","inLanguage":"fr-FR","@id":"https:\/\/old.haptic.store\/#\/schema\/logo\/image\/","url":"https:\/\/old.haptic.store\/wp-content\/uploads\/2024\/06\/logo.png","contentUrl":"https:\/\/old.haptic.store\/wp-content\/uploads\/2024\/06\/logo.png","width":827,"height":276,"caption":"boq architekti s.r.o."},"image":{"@id":"https:\/\/old.haptic.store\/#\/schema\/logo\/image\/"}}]}},"jetpack_publicize_connections":[],"_links":{"self":[{"href":"https:\/\/old.haptic.store\/fr\/wp-json\/wp\/v2\/product\/722","targetHints":{"allow":["GET"]}}],"collection":[{"href":"https:\/\/old.haptic.store\/fr\/wp-json\/wp\/v2\/product"}],"about":[{"href":"https:\/\/old.haptic.store\/fr\/wp-json\/wp\/v2\/types\/product"}],"wp:featuredmedia":[{"embeddable":true,"href":"https:\/\/old.haptic.store\/fr\/wp-json\/wp\/v2\/media\/1840"}],"wp:attachment":[{"href":"https:\/\/old.haptic.store\/fr\/wp-json\/wp\/v2\/media?parent=722"}],"wp:term":[{"taxonomy":"product_brand","embeddable":true,"href":"https:\/\/old.haptic.store\/fr\/wp-json\/wp\/v2\/product_brand?post=722"},{"taxonomy":"product_cat","embeddable":true,"href":"https:\/\/old.haptic.store\/fr\/wp-json\/wp\/v2\/product_cat?post=722"},{"taxonomy":"product_tag","embeddable":true,"href":"https:\/\/old.haptic.store\/fr\/wp-json\/wp\/v2\/product_tag?post=722"}],"curies":[{"name":"wp","href":"https:\/\/api.w.org\/{rel}","templated":true}]}}